{"id":12,"date":"2021-07-16T18:15:18","date_gmt":"2021-07-16T18:15:18","guid":{"rendered":"http:\/\/rosmarusa.kglabs.net\/?page_id=12"},"modified":"2021-09-08T23:38:33","modified_gmt":"2021-09-08T23:38:33","slug":"mision-y-vision","status":"publish","type":"page","link":"https:\/\/gruporosmar.com.mx\/en\/mision-y-vision\/","title":{"rendered":"Misi\u00f3n y visi\u00f3n"},"content":{"rendered":"<div data-elementor-type=\"wp-page\" data-elementor-id=\"12\" class=\"elementor elementor-12\" data-elementor-post-type=\"page\">\n\t\t\t\t\t\t<section class=\"elementor-section elementor-top-section elementor-element elementor-element-519b4b5 elementor-section-boxed elementor-section-height-default elementor-section-height-default\" data-id=\"519b4b5\" data-element_type=\"section\" data-e-type=\"section\" data-settings=\"{&quot;background_background&quot;:&quot;classic&quot;}\">\n\t\t\t\t\t\t\t<div class=\"elementor-background-overlay\"><\/div>\n\t\t\t\t\t\t\t<div class=\"elementor-container elementor-column-gap-default\">\n\t\t\t\t\t<div class=\"elementor-column elementor-col-100 elementor-top-column elementor-element elementor-element-786b476\" data-id=\"786b476\" data-element_type=\"column\" data-e-type=\"column\">\n\t\t\t<div class=\"elementor-widget-wrap\">\n\t\t\t\t\t\t\t<\/div>\n\t\t<\/div>\n\t\t\t\t\t<\/div>\n\t\t<\/section>\n\t\t\t\t<section class=\"elementor-section elementor-top-section elementor-element elementor-element-62f9ec31 elementor-section-boxed elementor-section-height-default elementor-section-height-default\" data-id=\"62f9ec31\" data-element_type=\"section\" data-e-type=\"section\">\n\t\t\t\t\t\t<div class=\"elementor-container elementor-column-gap-default\">\n\t\t\t\t\t<div class=\"elementor-column elementor-col-100 elementor-top-column elementor-element elementor-element-584d0779\" data-id=\"584d0779\" data-element_type=\"column\" data-e-type=\"column\">\n\t\t\t<div class=\"elementor-widget-wrap elementor-element-populated\">\n\t\t\t\t\t\t<div class=\"elementor-element elementor-element-6f20105 elementor-widget elementor-widget-heading\" data-id=\"6f20105\" data-element_type=\"widget\" data-e-type=\"widget\" data-widget_type=\"heading.default\">\n\t\t\t\t<div class=\"elementor-widget-container\">\n\t\t\t\t\t<h2 class=\"elementor-heading-title elementor-size-default\">Mission<\/h2>\t\t\t\t<\/div>\n\t\t\t\t<\/div>\n\t\t\t\t<div class=\"elementor-element elementor-element-e350698 elementor-widget elementor-widget-text-editor\" data-id=\"e350698\" data-element_type=\"widget\" data-e-type=\"widget\" data-widget_type=\"text-editor.default\">\n\t\t\t\t<div class=\"elementor-widget-container\">\n\t\t\t\t\t\t\t\t\t<p>Offer business solutions to generate benefits-value to clients, collaborators and partners.<\/p>\t\t\t\t\t\t\t\t<\/div>\n\t\t\t\t<\/div>\n\t\t\t\t<div class=\"elementor-element elementor-element-4b5214f elementor-widget elementor-widget-heading\" data-id=\"4b5214f\" data-element_type=\"widget\" data-e-type=\"widget\" data-widget_type=\"heading.default\">\n\t\t\t\t<div class=\"elementor-widget-container\">\n\t\t\t\t\t<h2 class=\"elementor-heading-title elementor-size-default\">Vision<\/h2>\t\t\t\t<\/div>\n\t\t\t\t<\/div>\n\t\t\t\t<div class=\"elementor-element elementor-element-0dd743c elementor-widget elementor-widget-text-editor\" data-id=\"0dd743c\" data-element_type=\"widget\" data-e-type=\"widget\" data-widget_type=\"text-editor.default\">\n\t\t\t\t<div class=\"elementor-widget-container\">\n\t\t\t\t\t\t\t\t\t<p>Ser una empresa l\u00edder a nivel mundial especializada en proponer e innovar soluciones para mejorar los niveles de calidad, sanidad, inocuidad y producci\u00f3n org\u00e1nica en la Cadena de Valor Agroalimentario, sustentada por un capital de trabajo humano y tecnol\u00f3gico de vanguardia<\/p>\n<p><!-- \/wp:paragraph --><!-- wp:paragraph --><\/p>\n<p><strong>GRUPO ROSMAR\u00a0<\/strong>fue fundado en la d\u00e9cada de los 80\u00b4s con la finalidad de brindar productos y soluciones de sanidad; innovadoras y de vanguardia para atender necesidades espec\u00edficas de la industria alimentaria, bebidas y f\u00e1rmacos en beneficio de la sociedad mexicana.<\/p>\n<p><!-- wp:heading {\"level\":4} --><!-- \/wp:paragraph --><!-- wp:paragraph --><\/p>\n<p>Esta sinergia y sobretodo la lucha, tenacidad y esfuerzo han llevado a nuestro grupo a lo que es hoy:\u00a0<strong>una de las empresas m\u00e1s importantes de su rubro en el mercado mexicano.<\/strong><\/p>\n<p><!-- \/wp:paragraph --><!-- wp:paragraph --><\/p>\n<p>Hoy en d\u00eda, nuestro grupo es l\u00edder como proveedor de diversas soluciones de negocio enfocadas a desarrollar alimentos, bebidas y f\u00e1rmacos confiables y sustentables en M\u00e9xico; enfocados principalmente a que nuestros socios comerciales puedan permanecer e incrementar su mercado de manera sostenible en un entorno mundial altamente demandante de valores agregados.<\/p>\n<p><!-- \/wp:paragraph --><!-- wp:paragraph --><\/p>\n<p><strong>GRUPO ROSMAR<\/strong> cuenta con una red de sucursales y consultores en M\u00e9xico y Estados Unidos para atender las necesidades del mercado.<\/p>\n<p><!-- \/wp:paragraph --><!-- wp:image --><!-- \/wp:image --><!-- wp:paragraph --><\/p>\n<p>Nuestros retos son significativos como Grupo y nos hemos trazado todav\u00eda desaf\u00edos mayores para seguir creciendo de manera sostenible en el tiempo. Por tal raz\u00f3n hemos definido un plan a 10 a\u00f1os que denominamos\u00a0<strong>20\/20<\/strong>\u00a0(del 2010-2020) en donde tenemos clara la visi\u00f3n de cu\u00e1les son los objetivos estrat\u00e9gicos, los ejes y acciones centrales que debemos de realizar para alcanzarlos.<\/p>\n<p><!-- \/wp:paragraph --><!-- wp:paragraph --><\/p>\n<p>Los objetivos estrat\u00e9gicos que nos hemos trazado para el 2020 son:<\/p>\n<p><!-- \/wp:paragraph --><!-- wp:list --><\/p>\n<ul>\n<li>Innovar como eje central para resolver muchos de los problemas m\u00e1s apremiantes de nuestra sociedad,<\/li>\n<li>Enfrentar los principales retos de salud relacionados con los alimentos, bebidas y f\u00e1rmacos que afectan a nuestra sociedad,<\/li>\n<li>Desarrollar el capital humano e intelectual de manera significativa<\/li>\n<li>Eficiencia energ\u00e9tica y mejorar nuestra huella de carbono,<\/li>\n<li>Fortalecer nuestras relaciones con todos los actores del sector<\/li>\n<li>Mejorar nuestro posicionamento de marca y mayor penetraci\u00f3n en los distintos mercados que participamos<\/li>\n<li>Contribuir al \u00e9xito de nuestras comunidades.<\/li>\n<\/ul>\n<p><!-- \/wp:list --><!-- wp:paragraph --><\/p>\n<p>Para cumplir con lo anterior para el 2020, hemos desarrollado ejes de acci\u00f3n que son fundamentales cubrir para el \u00e9xito de los objetivos estrat\u00e9gicos. Estos ejes de acci\u00f3n requerir\u00e1n estar a la vanguardia y mejores pr\u00e1cticas para obtener los resultados:<\/p>\n<p><!-- \/wp:paragraph --><!-- wp:list --><\/p>\n<ul>\n<li>Implementar mejores pr\u00e1cticas en la Gesti\u00f3n de Talento, Administrativas y Comerciales,<\/li>\n<li>Fomento de nuevas tecnolog\u00edas en el Centro Investigaci\u00f3n Rosmar\u00a0<strong>-CIR-<\/strong>\u00a0y v\u00ednculos con Centros de Investigaci\u00f3n<\/li>\n<li>Incrementar v\u00ednculos con distintos actores del sector<\/li>\n<li>Fortaleza Financiera,<\/li>\n<li>Implementar mejores pr\u00e1cticas en Sistemas y Tecnolog\u00edas de la Informaci\u00f3n,<\/li>\n<li>Fortalecer los sistemas de operaci\u00f3n internos y la Mejora continua.<\/li>\n<li>Cumplimiento a leyes y normatividades<\/li>\n<\/ul>\n<p><!-- \/wp:list --><\/p>\t\t\t\t\t\t\t\t<\/div>\n\t\t\t\t<\/div>\n\t\t\t\t\t<\/div>\n\t\t<\/div>\n\t\t\t\t\t<\/div>\n\t\t<\/section>\n\t\t\t\t<section class=\"elementor-section elementor-top-section elementor-element elementor-element-efd9fb6 elementor-section-boxed elementor-section-height-default elementor-section-height-default\" data-id=\"efd9fb6\" data-element_type=\"section\" data-e-type=\"section\">\n\t\t\t\t\t\t<div class=\"elementor-container elementor-column-gap-default\">\n\t\t\t\t\t<div class=\"elementor-column elementor-col-66 elementor-top-column elementor-element elementor-element-5a59bba\" data-id=\"5a59bba\" data-element_type=\"column\" data-e-type=\"column\">\n\t\t\t<div class=\"elementor-widget-wrap elementor-element-populated\">\n\t\t\t\t\t\t<div class=\"elementor-element elementor-element-47a7abb7 elementor-widget elementor-widget-tp-gallery-listout\" data-id=\"47a7abb7\" data-element_type=\"widget\" data-e-type=\"widget\" data-widget_type=\"tp-gallery-listout.default\">\n\t\t\t\t<div class=\"elementor-widget-container\">\n\t\t\t\t\t<div id=\"pt-plus-gallery-list\" class=\"gallery-list post69f29697064df  list-carousel-slick gallery-style-1 hover-image-style-1\"   data-slider_direction=\"false\" data-slide_speed=\"1500\" data-slider_desktop_column=\"1\" data-steps_slide=\"1\" data-slider_draggable=\"true\" data-multi_drag=\"false\" data-slider_infinite=\"false\" data-slider_pause_hover=\"false\" data-slider_adaptive_height=\"false\" data-slider_animation=\"ease\" data-slider_autoplay=\"true\" data-autoplay_speed=\"3000\" data-slider_tablet_column=\"1\" data-tablet_steps_slide=\"1\" data-slider_responsive_tablet=\"no\" data-slider_mobile_column=\"1\" data-mobile_steps_slide=\"1\" data-slider_responsive_mobile=\"no\" data-slider_dots=\"false\" data-slider_dots_style=\"slick-dots \" data-slider_arrows=\"false\" data-slider_arrows_style=\"\"  data-arrows_position=\"\"  data-arrow_bg_color=\"\"  data-arrow_icon_color=\"\"  data-arrow_hover_bg_color=\"\"  data-arrow_hover_icon_color=\"\"  data-slider_center_mode=\"false\"  data-center_padding=\"0\"  data-scale_center_slide=\"1\"  data-scale_normal_slide=\"0.8\"  data-opacity_normal_slide=\"0.7\"  data-slider_rows=\"1\"  data-id=\"post69f29697064df\" data-style=\"style-1\"  data-result=\"{&quot;carousel_direction&quot;:&quot;ltr&quot;}\" dir=\"ltr\" data-enable-isotope=\"1\"><div id=\"post69f29697064df\" class=\"tp-row post-inner-loop post69f29697064df\"><div class=\"grid-item metro-item0\"  ><div>\r\n\t<div class=\"gallery-list-content\">\r\n\t\t\r\n\t<div class=\"post-content-image\">\r\n\t\t\r\n<div class=\"gallery-image\">\r\n\t<span class=\"thumb-wrap\">\r\n\t\t<img fetchpriority=\"high\" decoding=\"async\" width=\"2301\" height=\"1484\" src=\"https:\/\/gruporosmar.com.mx\/wp-content\/uploads\/2021\/07\/grupo-rosmar-sucursales-mexico-estados-unidos-us.png\" class=\"attachment-full size-full\" alt=\"\" srcset=\"https:\/\/gruporosmar.com.mx\/wp-content\/uploads\/2021\/07\/grupo-rosmar-sucursales-mexico-estados-unidos-us.png 2301w, https:\/\/gruporosmar.com.mx\/wp-content\/uploads\/2021\/07\/grupo-rosmar-sucursales-mexico-estados-unidos-us-600x387.png 600w, https:\/\/gruporosmar.com.mx\/wp-content\/uploads\/2021\/07\/grupo-rosmar-sucursales-mexico-estados-unidos-us-300x193.png 300w, https:\/\/gruporosmar.com.mx\/wp-content\/uploads\/2021\/07\/grupo-rosmar-sucursales-mexico-estados-unidos-us-1024x660.png 1024w, https:\/\/gruporosmar.com.mx\/wp-content\/uploads\/2021\/07\/grupo-rosmar-sucursales-mexico-estados-unidos-us-768x495.png 768w, https:\/\/gruporosmar.com.mx\/wp-content\/uploads\/2021\/07\/grupo-rosmar-sucursales-mexico-estados-unidos-us-1536x991.png 1536w, https:\/\/gruporosmar.com.mx\/wp-content\/uploads\/2021\/07\/grupo-rosmar-sucursales-mexico-estados-unidos-us-2048x1321.png 2048w\" sizes=\"(max-width: 2301px) 100vw, 2301px\" \/>\t<\/span>\r\n<\/div>\r\n\t<\/div>\r\n\r\n\t\t<div class=\"post-content-center\">\t\t\r\n\t\t<div class=\"post-hover-content\">\r\n\t\t\t\t\t<\/div>\r\n\t<\/div>\r\n\t\t<\/div>\r\n\t<\/div>\r\n<\/div><\/div><\/div>\t\t\t\t<\/div>\n\t\t\t\t<\/div>\n\t\t\t\t\t<\/div>\n\t\t<\/div>\n\t\t\t\t<div class=\"elementor-column elementor-col-33 elementor-top-column elementor-element elementor-element-da0e399\" data-id=\"da0e399\" data-element_type=\"column\" data-e-type=\"column\">\n\t\t\t<div class=\"elementor-widget-wrap elementor-element-populated\">\n\t\t\t\t\t\t<div class=\"elementor-element elementor-element-fd91dfb elementor-widget elementor-widget-heading\" data-id=\"fd91dfb\" data-element_type=\"widget\" data-e-type=\"widget\" data-widget_type=\"heading.default\">\n\t\t\t\t<div class=\"elementor-widget-container\">\n\t\t\t\t\t<h2 class=\"elementor-heading-title elementor-size-default\">Grupo Rosmar \npresencia en Norte Am\u00e9rica<\/h2>\t\t\t\t<\/div>\n\t\t\t\t<\/div>\n\t\t\t\t<div class=\"elementor-element elementor-element-3040b9f elementor-widget elementor-widget-text-editor\" data-id=\"3040b9f\" data-element_type=\"widget\" data-e-type=\"widget\" data-widget_type=\"text-editor.default\">\n\t\t\t\t<div class=\"elementor-widget-container\">\n\t\t\t\t\t\t\t\t\t<p>Con una presencia importante en M\u00e9xico y la llegada de Rosmar USA en 2020. Ahora tenemos capacidad de atender a nuestros clientes de manera regional.\u00a0<\/p>\t\t\t\t\t\t\t\t<\/div>\n\t\t\t\t<\/div>\n\t\t\t\t\t<\/div>\n\t\t<\/div>\n\t\t\t\t\t<\/div>\n\t\t<\/section>\n\t\t\t\t<\/div>","protected":false},"excerpt":{"rendered":"<p>Misi\u00f3n Ofrecer soluciones de negocio para generar beneficios-valor a clientes, colaboradores y socios. Visi\u00f3n Ser una empresa l\u00edder a nivel mundial especializada en proponer e innovar soluciones para mejorar los niveles de calidad, sanidad, inocuidad y producci\u00f3n org\u00e1nica en la Cadena de Valor Agroalimentario, sustentada por un capital de trabajo humano y tecnol\u00f3gico de vanguardia [&hellip;]<\/p>\n","protected":false},"author":12,"featured_media":0,"parent":0,"menu_order":0,"comment_status":"closed","ping_status":"closed","template":"elementor_header_footer","meta":{"footnotes":""},"class_list":["post-12","page","type-page","status-publish","hentry"],"_links":{"self":[{"href":"https:\/\/gruporosmar.com.mx\/en\/wp-json\/wp\/v2\/pages\/12","targetHints":{"allow":["GET"]}}],"collection":[{"href":"https:\/\/gruporosmar.com.mx\/en\/wp-json\/wp\/v2\/pages"}],"about":[{"href":"https:\/\/gruporosmar.com.mx\/en\/wp-json\/wp\/v2\/types\/page"}],"author":[{"embeddable":true,"href":"https:\/\/gruporosmar.com.mx\/en\/wp-json\/wp\/v2\/users\/12"}],"replies":[{"embeddable":true,"href":"https:\/\/gruporosmar.com.mx\/en\/wp-json\/wp\/v2\/comments?post=12"}],"version-history":[{"count":10,"href":"https:\/\/gruporosmar.com.mx\/en\/wp-json\/wp\/v2\/pages\/12\/revisions"}],"predecessor-version":[{"id":860,"href":"https:\/\/gruporosmar.com.mx\/en\/wp-json\/wp\/v2\/pages\/12\/revisions\/860"}],"wp:attachment":[{"href":"https:\/\/gruporosmar.com.mx\/en\/wp-json\/wp\/v2\/media?parent=12"}],"curies":[{"name":"wp","href":"https:\/\/api.w.org\/{rel}","templated":true}]}}