{"id":1436,"date":"2021-09-29T18:38:35","date_gmt":"2021-09-29T18:38:35","guid":{"rendered":"http:\/\/rosmarusa.kglabs.net\/?page_id=1436"},"modified":"2022-08-04T17:59:40","modified_gmt":"2022-08-04T17:59:40","slug":"aviso-de-privacidad-publico","status":"publish","type":"page","link":"https:\/\/gruporosmar.com.mx\/en\/aviso-de-privacidad-publico\/","title":{"rendered":"Aviso de privacidad publico"},"content":{"rendered":"<div data-elementor-type=\"wp-page\" data-elementor-id=\"1436\" class=\"elementor elementor-1436\" data-elementor-post-type=\"page\">\n\t\t\t\t\t\t<section class=\"elementor-section elementor-top-section elementor-element elementor-element-f770a8e elementor-section-boxed elementor-section-height-default elementor-section-height-default\" data-id=\"f770a8e\" data-element_type=\"section\" data-e-type=\"section\">\n\t\t\t\t\t\t<div class=\"elementor-container elementor-column-gap-default\">\n\t\t\t\t\t<div class=\"elementor-column elementor-col-100 elementor-top-column elementor-element elementor-element-fc58f6b\" data-id=\"fc58f6b\" data-element_type=\"column\" data-e-type=\"column\">\n\t\t\t<div class=\"elementor-widget-wrap elementor-element-populated\">\n\t\t\t\t\t\t<div class=\"elementor-element elementor-element-454e72e elementor-widget elementor-widget-spacer\" data-id=\"454e72e\" data-element_type=\"widget\" data-e-type=\"widget\" data-widget_type=\"spacer.default\">\n\t\t\t\t<div class=\"elementor-widget-container\">\n\t\t\t\t\t\t\t<div class=\"elementor-spacer\">\n\t\t\t<div class=\"elementor-spacer-inner\"><\/div>\n\t\t<\/div>\n\t\t\t\t\t\t<\/div>\n\t\t\t\t<\/div>\n\t\t\t\t<div class=\"elementor-element elementor-element-7e87dfa elementor-widget elementor-widget-heading\" data-id=\"7e87dfa\" data-element_type=\"widget\" data-e-type=\"widget\" data-widget_type=\"heading.default\">\n\t\t\t\t<div class=\"elementor-widget-container\">\n\t\t\t\t\t<h2 class=\"elementor-heading-title elementor-size-default\">Aviso de Privacidad para P\u00fablico en General<\/h2>\t\t\t\t<\/div>\n\t\t\t\t<\/div>\n\t\t\t\t<div class=\"elementor-element elementor-element-ebdb7eb elementor-widget elementor-widget-text-editor\" data-id=\"ebdb7eb\" data-element_type=\"widget\" data-e-type=\"widget\" data-widget_type=\"text-editor.default\">\n\t\t\t\t<div class=\"elementor-widget-container\">\n\t\t\t\t\t\t\t\t\t<p><strong style=\"color: var( --e-global-color-text ); font-family: var( --e-global-typography-text-font-family ), Sans-serif; font-size: 1rem;\">AVISO DE PRIVACIDAD PARA P\u00daBLICO EN GENERAL GRUPO ROSMAR<\/strong><\/p><p><span style=\"color: var( --e-global-color-text ); font-family: var( --e-global-typography-text-font-family ), Sans-serif; font-size: 1rem;\"><b>Fecha efectiva\u00a0<\/b><\/span><span style=\"color: var( --e-global-color-text ); font-family: var( --e-global-typography-text-font-family ), Sans-serif; font-weight: var( --e-global-typography-text-font-weight ); font-size: 1rem;\">25 de junio de 2018<\/span><\/p><p>Introducci\u00f3n: Grupo Rosmar se compromete a proteger la privacidad de sus clientes y proveedores de acuerdo con las leyes y reglamentos aplicables. Grupo Rosmar respalda los derechos fundamentales a la privacidad y la protecci\u00f3n de datos, as\u00ed como las leyes de privacidad nacionales e internacionales, incluido el Reglamento General de Protecci\u00f3n de Datos (RGPD).<\/p><p>La informaci\u00f3n personal que nos proporcionas Grupo Rosmar recopila la informaci\u00f3n personal que nos proporcionas cuando nos llamas por tel\u00e9fono, utilizas las herramientas de la cuenta en l\u00ednea, nos informas sobre problemas relacionados con el servicio, respondes encuestas o nos contactas. Esta informaci\u00f3n puede incluir su nombre e informaci\u00f3n de contacto, como su direcci\u00f3n de facturaci\u00f3n, direcci\u00f3n de correo electr\u00f3nico y n\u00famero de tel\u00e9fono. Tambi\u00e9n podemos recopilar informaci\u00f3n sobre su cuenta y su uso de nuestros servicios, que puede incluir su n\u00famero de cuenta y su historial de facturaci\u00f3n y pago.<\/p><p>Podemos recopilar informaci\u00f3n que se nos env\u00eda autom\u00e1ticamente a trav\u00e9s de su navegador web. Por lo general, esta informaci\u00f3n incluye su direcci\u00f3n de Protocolo de Internet (IP), la identidad de su proveedor de servicios de Internet, el nombre y la versi\u00f3n de su sistema operativo y navegador, la fecha y hora de su visita, la p\u00e1gina que lo vincul\u00f3 a Grupo Rosmar y el p\u00e1ginas que visitas.<\/p><p><strong>C\u00f3mo podemos usar su informaci\u00f3n personal Cumplimos con nuestras obligaciones legales de las siguientes maneras<\/strong>:<\/p><ul><li>Mantenemos los datos personales actualizados.<\/li><li>Los almacenamos y destruimos de forma segura.<\/li><li>Protegemos los datos personales de la p\u00e9rdida, mal uso, acceso y divulgaci\u00f3n no autorizados.<br \/>Contamos con las medidas t\u00e9cnicas adecuadas para proteger los datos personales.<\/li><\/ul><p>Base legal para el tratamiento de sus datos personales Puede ser necesario tratar sus datos para respetar los intereses leg\u00edtimos de Grupo Rosmar o de un tercero, excepto cuando dichos intereses entren en conflicto con sus intereses, derechos o libertades. El procesamiento tambi\u00e9n puede ser necesario para celebrar o ejecutar un contrato con usted. Para algunos fines adicionales, sus datos se utilizar\u00e1n \u00fanicamente con su consentimiento expl\u00edcito.<\/p><p>Espec\u00edficamente, su informaci\u00f3n personal puede ser utilizada para lo siguiente:<\/p><ul><li>Para brindarle un servicio al cliente eficaz y eficiente.<\/li><li>Para proporcionarle los productos, la informaci\u00f3n y los servicios que solicite.<\/li><li>Para procesar los pedidos que realice en nuestros sitios web.<br \/>Con fines anal\u00edticos.<\/li><li>Para mejorar el contenido, la funcionalidad, el rendimiento y la usabilidad de nuestro sitio web.<\/li><li>Para brindarle asistencia t\u00e9cnica y soluci\u00f3n de problemas.<\/li><li>En relaci\u00f3n con nuestros derechos y obligaciones legales.<\/li><li>Para ciertos fines adicionales solo con su consentimiento expl\u00edcito.<\/li><\/ul><p><strong>Sus preferencias<\/strong>: Respetamos su derecho a tomar decisiones sobre las formas en que recopilamos, usamos y divulgamos su informaci\u00f3n personal. Cuando corresponda, se le pedir\u00e1 que indique sus preferencias en el momento en que recopilamos su informaci\u00f3n personal. Si recibe correos electr\u00f3nicos o comunicaciones de marketing, puede &#8220;darse de baja&#8221; de ese servicio en cualquier momento utilizando la funci\u00f3n de cancelaci\u00f3n de suscripci\u00f3n que se encuentra en los correos electr\u00f3nicos..<\/p><p><strong>C\u00f3mo podemos compartir su informaci\u00f3n personal Si lo permite la ley aplicable, podemos compartir su informaci\u00f3n:<\/strong><\/p><ul><li>Dentro de Grupo Rosmar para los fines se\u00f1alados en el presente Aviso de Privacidad en L\u00ednea.<\/li><li>Con nuestros proveedores de servicios externos que realizan servicios en nuestro nombre.<\/li><li>Nuestros proveedores de servicios externos est\u00e1n obligados a utilizar las protecciones de privacidad adecuadas y solo pueden utilizar la informaci\u00f3n con el fin de prestar servicios a Grupo Rosmar.<\/li><li>Grupo Rosmar no vende, alquila ni comercializa su informaci\u00f3n personal.<\/li><li>Grupo Rosmar puede transferir su informaci\u00f3n personal fuera del pa\u00eds o regi\u00f3n geogr\u00e1fica donde usted se encuentra.<\/li><li>Cuando lo hagamos, nos aseguraremos de que se implementen las salvaguardas adecuadas.<br \/>Transacciones comerciales y transferencias Grupo Rosmar puede comprar, vender, formar o reorganizar uno o m\u00e1s de sus negocios o vender inventarios o activos, por ejemplo, como resultado de una venta, fusi\u00f3n, reorganizaci\u00f3n o liquidaci\u00f3n.<\/li><li>Dicha transacci\u00f3n puede implicar la divulgaci\u00f3n de su informaci\u00f3n a posibles compradores o socios. En ese caso, nos aseguraremos de que se implementen las medidas de seguridad adecuadas, as\u00ed como estrictas disposiciones de confidencialidad.<\/li><li>Cumplimiento de las leyes y protecci\u00f3n de nuestros derechos y los derechos de los dem\u00e1s.<\/li><li>Podemos divulgar informaci\u00f3n personal cuando creamos de buena fe que la divulgaci\u00f3n es apropiada para cumplir con la ley, una orden judicial o una citaci\u00f3n.<\/li><li>Tambi\u00e9n podemos divulgar informaci\u00f3n personal para cooperar con una investigaci\u00f3n gubernamental, para prevenir o investigar un posible delito (como fraude o phishing), para hacer cumplir o aplicar nuestros t\u00e9rminos de uso en l\u00ednea u otros acuerdos, o para proteger nuestros propios derechos. o propiedad, o los derechos, propiedad o seguridad de nuestros usuarios y otros.<\/li><\/ul><p>Usaremos su informaci\u00f3n personal para enviarle promociones o marketing de productos.<\/p><p><strong>Enlaces externos:<\/strong> Los sitios web de Grupo Rosmar pueden contener enlaces a otros sitios operados por terceros. Grupo Rosmar no es responsable de las acciones o pol\u00edticas de privacidad de los sitios web de terceros.<\/p><p>Cookies y otras tecnolog\u00edas de almacenamiento: Grupo Rosmar puede utilizar tecnolog\u00eda de cookies en sus sitios web.<\/p><p>Una cookie contiene informaci\u00f3n enviada por un sitio web que se almacena en el disco duro o en la memoria temporal de su dispositivo. Se le pedir\u00e1 su consentimiento y puede cambiar la configuraci\u00f3n de cookies en su navegador web o eliminar nuestras cookies en cualquier momento. Podemos utilizar cookies para guardar sus preferencias en relaci\u00f3n con nuestros sitios web o para compilar estad\u00edsticas relacionadas con la cantidad de visitantes a nuestros sitios web, la cantidad de solicitudes de archivos, los tipos de navegadores utilizados y otros datos agregados. Grupo Rosmar tambi\u00e9n puede usar archivos de p\u00edxeles transparentes (p. ej., GIF, PNG, etc.) para administrar la publicidad en l\u00ednea mediante la recopilaci\u00f3n de informaci\u00f3n relacionada con qu\u00e9 anuncios atraen m\u00e1s tr\u00e1fico a nuestros sitios web. La vida \u00fatil de estas cookies puede ir desde su eliminaci\u00f3n al finalizar una sesi\u00f3n del navegador hasta un m\u00e1ximo de 60 d\u00edas para configurar preferencias, y algunas cookies pueden permanecer en su dispositivo hasta un a\u00f1o. Grupo Rosmar recopila datos de geolocalizaci\u00f3n.<\/p><p>An\u00e1lisis: Este sitio web puede utilizar servicios de an\u00e1lisis proporcionados por Google, Inc. (&#8220;Google&#8221;) respectivamente. Estos servicios de an\u00e1lisis utilizan cookies, que son archivos de texto que se colocan en su computadora para ayudar al sitio web a analizar c\u00f3mo los usuarios usan el sitio. Google puede usar esa informaci\u00f3n de acuerdo con su pol\u00edtica de privacidad. Al utilizar este sitio web, consientes el tratamiento de tus datos por Google en la forma y para los fines arriba indicados.<\/p><p><strong>Remarketing de anuncios:<\/strong> este sitio web puede utilizar los servicios de remarketing de Google AdWords, Facebook, LinkedIn, Twitter, AddThis y Turn, y posiblemente otros servicios, para publicitar en sitios web de terceros a visitantes anteriores de nuestros sitios web. Todos los datos que recopilamos se utilizar\u00e1n de acuerdo con nuestro Aviso de privacidad en l\u00ednea. Si es necesario, se le pedir\u00e1 su consentimiento y, si lo desea, puede excluirse por completo de la publicidad basada en intereses a trav\u00e9s de la configuraci\u00f3n de cookies o de forma permanente mediante el uso de un complemento del navegador.<\/p><p><strong>Uso de funciones o \u00e1reas especiales de nuestros sitios web:<\/strong> algunos de nuestros sitios web incluyen funciones especiales, como encuestas, contenido con licencia, tiendas en l\u00ednea o \u00e1reas protegidas con contrase\u00f1a. Pueden aparecer declaraciones de privacidad espec\u00edficas en este tipo de sitio web de Grupo Rosmar, incluidos, entre otros, nuestros sitios web de trabajo e inversores. En esos sitios web, es posible que se le solicite que acepte t\u00e9rminos especiales que rigen el uso de la funci\u00f3n especial o el \u00e1rea protegida por contrase\u00f1a.<\/p><p><strong>Foros p\u00fablicos:<\/strong> podemos ofrecer salas de chat, blogs, tableros de mensajes, tableros de anuncios o foros p\u00fablicos similares donde usted y otros usuarios de nuestro sitio web pueden expresarse. Salvo que lo exijan las leyes o reglamentaciones aplicables, las protecciones descritas en el Aviso de privacidad en l\u00ednea no se aplican a la informaci\u00f3n (incluida la informaci\u00f3n de identificaci\u00f3n personal) que usted publica y\/o ofrece como voluntario en estos foros p\u00fablicos. Cualquier informaci\u00f3n que comparta en un foro p\u00fablico es informaci\u00f3n p\u00fablica y cualquier persona puede verla o recopilarla, incluidos terceros que no siguen nuestro Aviso de privacidad. Grupo Rosmar no es responsable de ning\u00fan evento que surja de la distribuci\u00f3n de cualquier informaci\u00f3n que decidas publicar o compartir p\u00fablicamente a trav\u00e9s de nuestros sitios web..<\/p><p><strong>Privacidad de los ni\u00f1os:<\/strong> no recopilamos deliberadamente informaci\u00f3n sobre ni\u00f1os para vender o promocionar nuestros productos o servicios. Los visitantes deben tener al menos 18 a\u00f1os de edad para registrarse o enviar informaci\u00f3n de la encuesta. Si cree que una persona menor de 18 a\u00f1os ha enviado informaci\u00f3n de contacto personal a Grupo Rosmar, comun\u00edquese con nosotros de inmediato utilizando la direcci\u00f3n a continuaci\u00f3n y haremos todo lo posible, dentro de lo razonable, para eliminar esa informaci\u00f3n de inmediato. informaci\u00f3n de nuestras bases de datos.<\/p><p><strong>Seguridad:<\/strong> Grupo Rosmar sigue las pr\u00e1cticas est\u00e1ndar de la industria para proteger la informaci\u00f3n que recopila con el fin de evitar el uso, la divulgaci\u00f3n o el acceso no autorizado a la informaci\u00f3n. Estas pr\u00e1cticas de seguridad incluyen salvaguardias t\u00e9cnicas, administrativas y f\u00edsicas. Grupo Rosmar aplica medidas apropiadas para proteger la informaci\u00f3n personal en poder de Univar de p\u00e9rdida, mal uso, acceso no autorizado, divulgaci\u00f3n, alteraci\u00f3n y destrucci\u00f3n. Grupo Rosmar adopta precauciones razonables en el \u00e1mbito comercial para proteger la confidencialidad, integridad y seguridad de su informaci\u00f3n personal.<\/p><p>Tambi\u00e9n contamos con procedimientos para hacer frente a cualquier violaci\u00f3n de la seguridad de los datos. Le notificaremos a usted, as\u00ed como a cualquier autoridad reguladora pertinente, de cualquier sospecha de violaci\u00f3n de datos cuando estemos legalmente obligados a hacerlo.<\/p><ul><li>Protecci\u00f3n SSL Algunas \u00e1reas protegidas con contrase\u00f1a de nuestros sitios web requieren una conexi\u00f3n segura a su computadora. Utilizamos una tecnolog\u00eda de encriptaci\u00f3n llamada<\/li><li>Capa de sockets seguros (SSL). Eso significa que se mantiene una conexi\u00f3n segura hasta que abandone el \u00e1rea segura del sitio. Grupo Rosmar no puede garantizar la seguridad de la informaci\u00f3n personal transmitida a trav\u00e9s de Internet.<br \/>Protecci\u00f3n de contrase\u00f1as Usted es responsable de mantener la confidencialidad de sus contrase\u00f1as. Tenemos derecho a suponer que cualquier persona que acceda a uno de nuestros sitios web utilizando una contrase\u00f1a que le ha sido asignada tiene derecho a hacerlo. Usted ser\u00e1 el \u00fanico responsable de las actividades que realice cualquier persona que acceda a nuestros sitios web utilizando una contrase\u00f1a que le haya sido asignada. Debe cambiar sus contrase\u00f1as de inmediato si cree que existe el riesgo de una violaci\u00f3n de contrase\u00f1a.<\/li><\/ul><p><strong>Conservaci\u00f3n:<\/strong> Grupo Rosmar podr\u00e1 conservar su informaci\u00f3n personal durante el plazo legalmente exigido. Despu\u00e9s de ese per\u00edodo, destruiremos de forma segura sus datos personales de acuerdo con nuestras pol\u00edticas y procedimientos internos.<\/p><p><strong>Sus derechos con respecto a sus datos personales incluyen la capacidad de:<\/strong><\/p><ul><li>Acceder a su informaci\u00f3n personal y otro tipo de informaci\u00f3n complementaria a que se refiere el presente Aviso de Privacidad.<\/li><li>Corregir su informaci\u00f3n personal si es inexacta o est\u00e1 desactualizada.<br \/>Solicitar que se elimine su informaci\u00f3n personal.<\/li><li>Restringir u objetar el procesamiento de su informaci\u00f3n personal, especialmente cuando la organizaci\u00f3n alegue tener intereses leg\u00edtimos como motivo legal para el procesamiento.<\/li><li>Transferir sus datos en un formato port\u00e1til, en particular cuando el tratamiento se base en su consentimiento o se realice por medios automatizados.<\/li><li>Reclamaci\u00f3n ante una autoridad de control.<br \/>Retirar el consentimiento que haya otorgado previamente para el uso de su informaci\u00f3n personal.<\/li><li>Solicitar que se restrinja cualquier procesamiento futuro cuando exista una disputa con respecto a la exactitud o el procesamiento de sus datos personales.<\/li><\/ul><p>Si ha creado una cuenta o un perfil personal en uno de nuestros sitios web, deber\u00eda poder acceder y actualizar parte o toda su informaci\u00f3n personal. Si desea acceder, actualizar o corregir cualquier otra informaci\u00f3n personal, cont\u00e1ctenos. Es posible que le solicitemos informaci\u00f3n adicional para verificar su identidad. En la mayor\u00eda de los casos, actualizaremos la informaci\u00f3n seg\u00fan lo solicite, si no tenemos motivos para limitar o denegar su solicitud, cuando lo exija la ley o cuando no podamos verificar su identidad.<\/p><p><strong>Contacto con Grupo Rosmar:<\/strong> Si desea ejercer todos los derechos pertinentes o enviarnos consultas o quejas, puede contactar con Grupo Rosmar de las siguientes formas:<\/p><ul><li>Env\u00eda un email a contacto@gruporosmar.com<\/li><li>P\u00f3ngase en contacto llamando al 1-833-4ROSMAR (767627)<\/li><\/ul><p>El RGPD tambi\u00e9n le otorga el derecho a presentar una queja ante una autoridad supervisora, espec\u00edficamente ante el Estado de la Uni\u00f3n Europea (o del EEE) donde trabaja o reside, o donde se ha producido cualquier supuesta infracci\u00f3n de las leyes de protecci\u00f3n de datos.<\/p><p><strong>Cambios a este Aviso de Privacidad: Grupo Rosmar<\/strong> se reserva el derecho de modificar este Aviso de Privacidad en L\u00ednea seg\u00fan sea necesario mediante la publicaci\u00f3n de una versi\u00f3n revisada en nuestros sitios web. Estos cambios entrar\u00e1n en vigor en la fecha de publicaci\u00f3n.<\/p>\t\t\t\t\t\t\t\t<\/div>\n\t\t\t\t<\/div>\n\t\t\t\t<div class=\"elementor-element elementor-element-9e5b591 elementor-widget elementor-widget-spacer\" data-id=\"9e5b591\" data-element_type=\"widget\" data-e-type=\"widget\" data-widget_type=\"spacer.default\">\n\t\t\t\t<div class=\"elementor-widget-container\">\n\t\t\t\t\t\t\t<div class=\"elementor-spacer\">\n\t\t\t<div class=\"elementor-spacer-inner\"><\/div>\n\t\t<\/div>\n\t\t\t\t\t\t<\/div>\n\t\t\t\t<\/div>\n\t\t\t\t\t<\/div>\n\t\t<\/div>\n\t\t\t\t\t<\/div>\n\t\t<\/section>\n\t\t\t\t<\/div>","protected":false},"excerpt":{"rendered":"<p>Aviso de Privacidad para P\u00fablico en General AVISO DE PRIVACIDAD PARA P\u00daBLICO EN GENERAL GRUPO ROSMAR Fecha efectiva\u00a025 de junio de 2018 Introducci\u00f3n: Grupo Rosmar se compromete a proteger la privacidad de sus clientes y proveedores de acuerdo con las leyes y reglamentos aplicables. Grupo Rosmar respalda los derechos fundamentales a la privacidad y la [&hellip;]<\/p>\n","protected":false},"author":12,"featured_media":0,"parent":0,"menu_order":0,"comment_status":"closed","ping_status":"closed","template":"","meta":{"footnotes":""},"class_list":["post-1436","page","type-page","status-publish","hentry"],"_links":{"self":[{"href":"https:\/\/gruporosmar.com.mx\/en\/wp-json\/wp\/v2\/pages\/1436","targetHints":{"allow":["GET"]}}],"collection":[{"href":"https:\/\/gruporosmar.com.mx\/en\/wp-json\/wp\/v2\/pages"}],"about":[{"href":"https:\/\/gruporosmar.com.mx\/en\/wp-json\/wp\/v2\/types\/page"}],"author":[{"embeddable":true,"href":"https:\/\/gruporosmar.com.mx\/en\/wp-json\/wp\/v2\/users\/12"}],"replies":[{"embeddable":true,"href":"https:\/\/gruporosmar.com.mx\/en\/wp-json\/wp\/v2\/comments?post=1436"}],"version-history":[{"count":10,"href":"https:\/\/gruporosmar.com.mx\/en\/wp-json\/wp\/v2\/pages\/1436\/revisions"}],"predecessor-version":[{"id":9593,"href":"https:\/\/gruporosmar.com.mx\/en\/wp-json\/wp\/v2\/pages\/1436\/revisions\/9593"}],"wp:attachment":[{"href":"https:\/\/gruporosmar.com.mx\/en\/wp-json\/wp\/v2\/media?parent=1436"}],"curies":[{"name":"wp","href":"https:\/\/api.w.org\/{rel}","templated":true}]}}