{"id":1493,"date":"2021-10-08T17:46:23","date_gmt":"2021-10-08T17:46:23","guid":{"rendered":"https:\/\/rosmarusa.kglabs.net\/?page_id=1493"},"modified":"2026-04-02T02:16:47","modified_gmt":"2026-04-02T02:16:47","slug":"industrias","status":"publish","type":"page","link":"https:\/\/gruporosmar.com.mx\/en\/industrias\/","title":{"rendered":"Industries"},"content":{"rendered":"<div data-elementor-type=\"wp-page\" data-elementor-id=\"1493\" class=\"elementor elementor-1493\" data-elementor-post-type=\"page\">\n\t\t\t\t\t\t<section class=\"elementor-section elementor-top-section elementor-element elementor-element-18293145 elementor-section-boxed elementor-section-height-default elementor-section-height-default\" data-id=\"18293145\" data-element_type=\"section\" data-e-type=\"section\">\n\t\t\t\t\t\t<div class=\"elementor-container elementor-column-gap-default\">\n\t\t\t\t\t<div class=\"elementor-column elementor-col-100 elementor-top-column elementor-element elementor-element-76215732\" data-id=\"76215732\" data-element_type=\"column\" data-e-type=\"column\">\n\t\t\t<div class=\"elementor-widget-wrap elementor-element-populated\">\n\t\t\t\t\t\t<div class=\"elementor-element elementor-element-44a1bc82 elementor-widget elementor-widget-text-editor\" data-id=\"44a1bc82\" data-element_type=\"widget\" data-e-type=\"widget\" data-widget_type=\"text-editor.default\">\n\t\t\t\t<div class=\"elementor-widget-container\">\n\t\t\t\t\t\t\t\t\t<h2 data-hover=\"&lt;strong&gt;ROSMAR&lt;\/strong&gt; \">INDUSTRIAS PRINCIPALES <strong>ROSMAR<\/strong><\/h2>\n<p>En la producci\u00f3n de alimentos y medicamentos, cada sector tiene problemas y necesidades de sanidad espec\u00edficas. Por ello, nuestros investigadores innovan constante para estar a la vanguardia.<\/p>\n<p>Nuestros productos y servicios est\u00e1n dise\u00f1ados para cumplir con todos los requisitos y est\u00e1ndares necesarios para ser utilizados dentro de la cadena de suministro de la Industria Agroalimentaria, de Bebidas y Farmac\u00e9utica<\/p>\n<p><a href=\"https:\/\/gruporosmar.com.mx\/en\/r-farma-industria-farmaceutica\/\"><img fetchpriority=\"high\" decoding=\"async\" class=\"alignnone\" src=\"https:\/\/gruporosmar.com.mx\/wp-content\/uploads\/2021\/11\/grupo-rosmar-soluciones-sanidad-industria-farmaceutica-r-farma-comprimidos-capsulas-jarabes-grageas-emulsiones-suplementos-1.jpeg\" sizes=\"(max-width: 800px) 100vw, 800px\" srcset=\"https:\/\/gruporosmar.com.mx\/wp-content\/uploads\/2021\/11\/grupo-rosmar-soluciones-sanidad-industria-farmaceutica-r-farma-comprimidos-capsulas-jarabes-grageas-emulsiones-suplementos-1.jpeg 800w, https:\/\/gruporosmar.com.mx\/wp-content\/uploads\/2021\/11\/grupo-rosmar-soluciones-sanidad-industria-farmaceutica-r-farma-comprimidos-capsulas-jarabes-grageas-emulsiones-suplementos-1-300x113.jpeg 300w, https:\/\/gruporosmar.com.mx\/wp-content\/uploads\/2021\/11\/grupo-rosmar-soluciones-sanidad-industria-farmaceutica-r-farma-comprimidos-capsulas-jarabes-grageas-emulsiones-suplementos-1-768x288.jpeg 768w, https:\/\/gruporosmar.com.mx\/wp-content\/uploads\/2021\/11\/grupo-rosmar-soluciones-sanidad-industria-farmaceutica-r-farma-comprimidos-capsulas-jarabes-grageas-emulsiones-suplementos-1-18x7.jpeg 18w, https:\/\/gruporosmar.com.mx\/wp-content\/uploads\/2021\/11\/grupo-rosmar-soluciones-sanidad-industria-farmaceutica-r-farma-comprimidos-capsulas-jarabes-grageas-emulsiones-suplementos-1-600x225.jpeg 600w\" alt=\"\" width=\"800\" height=\"300\" \/> <\/a><\/p>\n<ul>\n<li><a href=\"https:\/\/gruporosmar.com.mx\/en\/r-farma-industria-farmaceutica\/\">R-Farma: Pharmaceutical industry<br \/><\/a><\/li>\n<\/ul>\n<p><a href=\"https:\/\/gruporosmar.com.mx\/en\/r-vacuo-industria-de-conservas\/\"><br \/><img decoding=\"async\" src=\"https:\/\/gruporosmar.com.mx\/wp-content\/uploads\/2021\/11\/grupo-rosmar-soluciones-sanidad-industria-conservas-enlatados-r-vacuo-1-1.jpeg\" sizes=\"(max-width: 800px) 100vw, 800px\" srcset=\"https:\/\/gruporosmar.com.mx\/wp-content\/uploads\/2021\/11\/grupo-rosmar-soluciones-sanidad-industria-conservas-enlatados-r-vacuo-1-1.jpeg 800w, https:\/\/gruporosmar.com.mx\/wp-content\/uploads\/2021\/11\/grupo-rosmar-soluciones-sanidad-industria-conservas-enlatados-r-vacuo-1-1-300x113.jpeg 300w, https:\/\/gruporosmar.com.mx\/wp-content\/uploads\/2021\/11\/grupo-rosmar-soluciones-sanidad-industria-conservas-enlatados-r-vacuo-1-1-768x288.jpeg 768w, https:\/\/gruporosmar.com.mx\/wp-content\/uploads\/2021\/11\/grupo-rosmar-soluciones-sanidad-industria-conservas-enlatados-r-vacuo-1-1-18x7.jpeg 18w, https:\/\/gruporosmar.com.mx\/wp-content\/uploads\/2021\/11\/grupo-rosmar-soluciones-sanidad-industria-conservas-enlatados-r-vacuo-1-1-600x225.jpeg 600w\" alt=\"\" width=\"800\" height=\"300\" \/> <\/a><\/p>\n<ul>\n<li><a href=\"https:\/\/gruporosmar.com.mx\/en\/r-vacuo-industria-de-conservas\/\">R-Vacuo: Canned Industry<br \/><\/a><\/li>\n<\/ul>\n<p><a href=\"https:\/\/gruporosmar.com.mx\/en\/r-taste-industria-de-ingredientes-y-aditivos\/\"><br \/><img decoding=\"async\" src=\"https:\/\/gruporosmar.com.mx\/wp-content\/uploads\/2021\/11\/grupo-rosmar-soluciones-sanidad-industria-aditivos-r-taste-ingredientes-conservadores-colorantes-saborizantes-1-1.jpeg\" sizes=\"(max-width: 800px) 100vw, 800px\" srcset=\"https:\/\/gruporosmar.com.mx\/wp-content\/uploads\/2021\/11\/grupo-rosmar-soluciones-sanidad-industria-aditivos-r-taste-ingredientes-conservadores-colorantes-saborizantes-1-1.jpeg 800w, https:\/\/gruporosmar.com.mx\/wp-content\/uploads\/2021\/11\/grupo-rosmar-soluciones-sanidad-industria-aditivos-r-taste-ingredientes-conservadores-colorantes-saborizantes-1-1-300x113.jpeg 300w, https:\/\/gruporosmar.com.mx\/wp-content\/uploads\/2021\/11\/grupo-rosmar-soluciones-sanidad-industria-aditivos-r-taste-ingredientes-conservadores-colorantes-saborizantes-1-1-768x288.jpeg 768w, https:\/\/gruporosmar.com.mx\/wp-content\/uploads\/2021\/11\/grupo-rosmar-soluciones-sanidad-industria-aditivos-r-taste-ingredientes-conservadores-colorantes-saborizantes-1-1-18x7.jpeg 18w, https:\/\/gruporosmar.com.mx\/wp-content\/uploads\/2021\/11\/grupo-rosmar-soluciones-sanidad-industria-aditivos-r-taste-ingredientes-conservadores-colorantes-saborizantes-1-1-600x225.jpeg 600w\" alt=\"\" width=\"800\" height=\"300\" \/> <\/a><\/p>\n<ul>\n<li><a href=\"https:\/\/gruporosmar.com.mx\/en\/r-taste-industria-de-ingredientes-y-aditivos\/\">R-Taste: Ingredients and Additives Industry<br \/><\/a><\/li>\n<\/ul>\n<p><a href=\"https:\/\/gruporosmar.com.mx\/en\/r-broil-industria-de-botanas-y-frituras\/\"><br \/><img loading=\"lazy\" decoding=\"async\" src=\"https:\/\/gruporosmar.com.mx\/wp-content\/uploads\/2021\/11\/grupo-rosmar-soluciones-sanidad-industria-frituras-y-botanas-r-broil-frituras-botanas-tostadas-productos-horneados-o-tostados_grupo-rosmar-1-1.jpeg\" sizes=\"(max-width: 800px) 100vw, 800px\" srcset=\"https:\/\/gruporosmar.com.mx\/wp-content\/uploads\/2021\/11\/grupo-rosmar-soluciones-sanidad-industria-frituras-y-botanas-r-broil-frituras-botanas-tostadas-productos-horneados-o-tostados_grupo-rosmar-1-1.jpeg 800w, https:\/\/gruporosmar.com.mx\/wp-content\/uploads\/2021\/11\/grupo-rosmar-soluciones-sanidad-industria-frituras-y-botanas-r-broil-frituras-botanas-tostadas-productos-horneados-o-tostados_grupo-rosmar-1-1-300x113.jpeg 300w, https:\/\/gruporosmar.com.mx\/wp-content\/uploads\/2021\/11\/grupo-rosmar-soluciones-sanidad-industria-frituras-y-botanas-r-broil-frituras-botanas-tostadas-productos-horneados-o-tostados_grupo-rosmar-1-1-768x288.jpeg 768w, https:\/\/gruporosmar.com.mx\/wp-content\/uploads\/2021\/11\/grupo-rosmar-soluciones-sanidad-industria-frituras-y-botanas-r-broil-frituras-botanas-tostadas-productos-horneados-o-tostados_grupo-rosmar-1-1-18x7.jpeg 18w, https:\/\/gruporosmar.com.mx\/wp-content\/uploads\/2021\/11\/grupo-rosmar-soluciones-sanidad-industria-frituras-y-botanas-r-broil-frituras-botanas-tostadas-productos-horneados-o-tostados_grupo-rosmar-1-1-600x225.jpeg 600w\" alt=\"\" width=\"800\" height=\"300\" \/> <\/a><\/p>\n<ul>\n<li><a href=\"https:\/\/gruporosmar.com.mx\/en\/r-broil-industria-de-botanas-y-frituras\/\">R-Broil: Snacks and Fried Food Industry<br \/><\/a><\/li>\n<\/ul>\n<p><a href=\"https:\/\/gruporosmar.com.mx\/en\/r-bake-industria-de-cereales-y-derivados\/\"><br \/><img loading=\"lazy\" decoding=\"async\" src=\"https:\/\/gruporosmar.com.mx\/wp-content\/uploads\/2021\/11\/grupo-rosmar-soluciones-sanidad-industria-cereales-r-bake-cereales-y-sus-derivados-1-1.jpeg\" sizes=\"(max-width: 800px) 100vw, 800px\" srcset=\"https:\/\/gruporosmar.com.mx\/wp-content\/uploads\/2021\/11\/grupo-rosmar-soluciones-sanidad-industria-cereales-r-bake-cereales-y-sus-derivados-1-1.jpeg 800w, https:\/\/gruporosmar.com.mx\/wp-content\/uploads\/2021\/11\/grupo-rosmar-soluciones-sanidad-industria-cereales-r-bake-cereales-y-sus-derivados-1-1-300x113.jpeg 300w, https:\/\/gruporosmar.com.mx\/wp-content\/uploads\/2021\/11\/grupo-rosmar-soluciones-sanidad-industria-cereales-r-bake-cereales-y-sus-derivados-1-1-768x288.jpeg 768w, https:\/\/gruporosmar.com.mx\/wp-content\/uploads\/2021\/11\/grupo-rosmar-soluciones-sanidad-industria-cereales-r-bake-cereales-y-sus-derivados-1-1-18x7.jpeg 18w, https:\/\/gruporosmar.com.mx\/wp-content\/uploads\/2021\/11\/grupo-rosmar-soluciones-sanidad-industria-cereales-r-bake-cereales-y-sus-derivados-1-1-600x225.jpeg 600w\" alt=\"\" width=\"800\" height=\"300\" \/> <\/a><\/p>\n<ul>\n<li><a href=\"https:\/\/gruporosmar.com.mx\/en\/r-bake-industria-de-cereales-y-derivados\/\">R-Bake: Cereals and Derivatives Industry<br \/><\/a><\/li>\n<\/ul>\n<p><a href=\"https:\/\/gruporosmar.com.mx\/en\/r-lacto-industria-lactea\/\"><br \/><img loading=\"lazy\" decoding=\"async\" src=\"https:\/\/gruporosmar.com.mx\/wp-content\/uploads\/2021\/11\/grupo-rosmar-industria-lactea-r-lacto-leche-queso-crema-yogurt-derivados-lacteos-1.jpeg\" sizes=\"(max-width: 800px) 100vw, 800px\" srcset=\"https:\/\/gruporosmar.com.mx\/wp-content\/uploads\/2021\/11\/grupo-rosmar-industria-lactea-r-lacto-leche-queso-crema-yogurt-derivados-lacteos-1.jpeg 800w, https:\/\/gruporosmar.com.mx\/wp-content\/uploads\/2021\/11\/grupo-rosmar-industria-lactea-r-lacto-leche-queso-crema-yogurt-derivados-lacteos-1-300x113.jpeg 300w, https:\/\/gruporosmar.com.mx\/wp-content\/uploads\/2021\/11\/grupo-rosmar-industria-lactea-r-lacto-leche-queso-crema-yogurt-derivados-lacteos-1-768x288.jpeg 768w, https:\/\/gruporosmar.com.mx\/wp-content\/uploads\/2021\/11\/grupo-rosmar-industria-lactea-r-lacto-leche-queso-crema-yogurt-derivados-lacteos-1-18x7.jpeg 18w, https:\/\/gruporosmar.com.mx\/wp-content\/uploads\/2021\/11\/grupo-rosmar-industria-lactea-r-lacto-leche-queso-crema-yogurt-derivados-lacteos-1-600x225.jpeg 600w\" alt=\"\" width=\"800\" height=\"300\" \/> <\/a><\/p>\n<ul>\n<li><a href=\"https:\/\/gruporosmar.com.mx\/en\/r-lacto-industria-lactea\/\">R-Lacto: Dairy industry<br \/><\/a><\/li>\n<\/ul>\n<p><a href=\"https:\/\/gruporosmar.com.mx\/en\/r-liquick-industria-de-bebidas\/\"><br \/><img loading=\"lazy\" decoding=\"async\" src=\"https:\/\/gruporosmar.com.mx\/wp-content\/uploads\/2021\/11\/grupo-rosmar-industria-bebidas-r-liquick-bebidas-alcoholicas-no-alcoholicas-sanidad-industrial-1-1.jpeg\" sizes=\"(max-width: 800px) 100vw, 800px\" srcset=\"https:\/\/gruporosmar.com.mx\/wp-content\/uploads\/2021\/11\/grupo-rosmar-industria-bebidas-r-liquick-bebidas-alcoholicas-no-alcoholicas-sanidad-industrial-1-1.jpeg 800w, https:\/\/gruporosmar.com.mx\/wp-content\/uploads\/2021\/11\/grupo-rosmar-industria-bebidas-r-liquick-bebidas-alcoholicas-no-alcoholicas-sanidad-industrial-1-1-300x113.jpeg 300w, https:\/\/gruporosmar.com.mx\/wp-content\/uploads\/2021\/11\/grupo-rosmar-industria-bebidas-r-liquick-bebidas-alcoholicas-no-alcoholicas-sanidad-industrial-1-1-768x288.jpeg 768w, https:\/\/gruporosmar.com.mx\/wp-content\/uploads\/2021\/11\/grupo-rosmar-industria-bebidas-r-liquick-bebidas-alcoholicas-no-alcoholicas-sanidad-industrial-1-1-18x7.jpeg 18w, https:\/\/gruporosmar.com.mx\/wp-content\/uploads\/2021\/11\/grupo-rosmar-industria-bebidas-r-liquick-bebidas-alcoholicas-no-alcoholicas-sanidad-industrial-1-1-600x225.jpeg 600w\" alt=\"\" width=\"800\" height=\"300\" \/> <\/a><\/p>\n<ul>\n<li><a href=\"https:\/\/gruporosmar.com.mx\/en\/r-liquick-industria-de-bebidas\/\">R-Liquick: Beverage Industry<br \/><\/a><\/li>\n<\/ul>\n<p><a href=\"https:\/\/gruporosmar.com.mx\/en\/r-gluco-industria-de-dulces-y-golosinas\/\"><br \/><img loading=\"lazy\" decoding=\"async\" src=\"https:\/\/gruporosmar.com.mx\/wp-content\/uploads\/2021\/11\/industria_confitera_r-gluco_delces_golosinas_grupo-rosmar_-1.jpeg\" sizes=\"(max-width: 800px) 100vw, 800px\" srcset=\"https:\/\/gruporosmar.com.mx\/wp-content\/uploads\/2021\/11\/industria_confitera_r-gluco_delces_golosinas_grupo-rosmar_-1.jpeg 800w, https:\/\/gruporosmar.com.mx\/wp-content\/uploads\/2021\/11\/industria_confitera_r-gluco_delces_golosinas_grupo-rosmar_-1-300x113.jpeg 300w, https:\/\/gruporosmar.com.mx\/wp-content\/uploads\/2021\/11\/industria_confitera_r-gluco_delces_golosinas_grupo-rosmar_-1-768x288.jpeg 768w, https:\/\/gruporosmar.com.mx\/wp-content\/uploads\/2021\/11\/industria_confitera_r-gluco_delces_golosinas_grupo-rosmar_-1-18x7.jpeg 18w, https:\/\/gruporosmar.com.mx\/wp-content\/uploads\/2021\/11\/industria_confitera_r-gluco_delces_golosinas_grupo-rosmar_-1-600x225.jpeg 600w\" alt=\"\" width=\"800\" height=\"300\" \/> <\/a><\/p>\n<ul>\n<li><a href=\"https:\/\/gruporosmar.com.mx\/en\/r-gluco-industria-de-dulces-y-golosinas\/\">R-gluco: Industria de Dulces y Confiter\u00eda<br \/><\/a><\/li>\n<\/ul>\n<p><a href=\"https:\/\/gruporosmar.com.mx\/en\/r-proteika-industra-carnica\/\"><br \/><img loading=\"lazy\" decoding=\"async\" src=\"https:\/\/gruporosmar.com.mx\/wp-content\/uploads\/2021\/11\/industria_carnica_r-proteika_aves_res_cerdo_pescados_mariscos_grupo-rosmar_-1-1.jpeg\" sizes=\"(max-width: 800px) 100vw, 800px\" srcset=\"https:\/\/gruporosmar.com.mx\/wp-content\/uploads\/2021\/11\/industria_carnica_r-proteika_aves_res_cerdo_pescados_mariscos_grupo-rosmar_-1-1.jpeg 800w, https:\/\/gruporosmar.com.mx\/wp-content\/uploads\/2021\/11\/industria_carnica_r-proteika_aves_res_cerdo_pescados_mariscos_grupo-rosmar_-1-1-300x113.jpeg 300w, https:\/\/gruporosmar.com.mx\/wp-content\/uploads\/2021\/11\/industria_carnica_r-proteika_aves_res_cerdo_pescados_mariscos_grupo-rosmar_-1-1-768x288.jpeg 768w, https:\/\/gruporosmar.com.mx\/wp-content\/uploads\/2021\/11\/industria_carnica_r-proteika_aves_res_cerdo_pescados_mariscos_grupo-rosmar_-1-1-18x7.jpeg 18w, https:\/\/gruporosmar.com.mx\/wp-content\/uploads\/2021\/11\/industria_carnica_r-proteika_aves_res_cerdo_pescados_mariscos_grupo-rosmar_-1-1-600x225.jpeg 600w\" alt=\"\" width=\"800\" height=\"300\" \/> <\/a><\/p>\n<ul>\n<li><a href=\"https:\/\/gruporosmar.com.mx\/en\/r-proteika-industra-carnica\/\">R-Proteika: Meat industry<br \/><\/a><\/li>\n<\/ul>\n<p><a href=\"https:\/\/gruporosmar.com.mx\/en\/r-nattura-industria-de-frutas-vegetales-y-leguminosas\/\"><br \/><img loading=\"lazy\" decoding=\"async\" src=\"https:\/\/gruporosmar.com.mx\/wp-content\/uploads\/2021\/11\/industria_hortofruticula_r-nattura_frutas_vegetales_leguminosas_grupo-rosmar_-1-1.jpeg\" sizes=\"(max-width: 800px) 100vw, 800px\" srcset=\"https:\/\/gruporosmar.com.mx\/wp-content\/uploads\/2021\/11\/industria_hortofruticula_r-nattura_frutas_vegetales_leguminosas_grupo-rosmar_-1-1.jpeg 800w, https:\/\/gruporosmar.com.mx\/wp-content\/uploads\/2021\/11\/industria_hortofruticula_r-nattura_frutas_vegetales_leguminosas_grupo-rosmar_-1-1-300x113.jpeg 300w, https:\/\/gruporosmar.com.mx\/wp-content\/uploads\/2021\/11\/industria_hortofruticula_r-nattura_frutas_vegetales_leguminosas_grupo-rosmar_-1-1-768x288.jpeg 768w, https:\/\/gruporosmar.com.mx\/wp-content\/uploads\/2021\/11\/industria_hortofruticula_r-nattura_frutas_vegetales_leguminosas_grupo-rosmar_-1-1-18x7.jpeg 18w, https:\/\/gruporosmar.com.mx\/wp-content\/uploads\/2021\/11\/industria_hortofruticula_r-nattura_frutas_vegetales_leguminosas_grupo-rosmar_-1-1-600x225.jpeg 600w\" alt=\"\" width=\"800\" height=\"300\" \/> <\/a><\/p>\n<ul>\n<li><a href=\"https:\/\/gruporosmar.com.mx\/en\/r-nattura-industria-de-frutas-vegetales-y-leguminosas\/\">R-Nattura: Industria de Frutas, Verduras y Leguminosas<br \/><\/a><\/li>\n<\/ul>\n<h2>\u00a0<\/h2>\n<h2>\u00a1Cont\u00e1ctanos!<\/h2>\n<p>Estamos aqu\u00ed para ayudarlo con cualquier pregunta, comentario o inquietud que pueda tener con respecto a cualquiera de nuestros productos.<\/p>\n\t\t\t\t\t\t\t\t<\/div>\n\t\t\t\t<\/div>\n\t\t\t\t\t<\/div>\n\t\t<\/div>\n\t\t\t\t\t<\/div>\n\t\t<\/section>\n\t\t\t\t<\/div>","protected":false},"excerpt":{"rendered":"<p>INDUSTRIAS PRINCIPALES ROSMAR En la producci\u00f3n de alimentos y medicamentos, cada sector tiene problemas y necesidades de sanidad espec\u00edficas. Por ello, nuestros investigadores innovan constante para estar a la vanguardia. Nuestros productos y servicios est\u00e1n dise\u00f1ados para cumplir con todos los requisitos y est\u00e1ndares necesarios para ser utilizados dentro de la cadena de suministro de [&hellip;]<\/p>\n","protected":false},"author":12,"featured_media":0,"parent":0,"menu_order":0,"comment_status":"closed","ping_status":"closed","template":"","meta":{"footnotes":""},"class_list":["post-1493","page","type-page","status-publish","hentry"],"_links":{"self":[{"href":"https:\/\/gruporosmar.com.mx\/en\/wp-json\/wp\/v2\/pages\/1493","targetHints":{"allow":["GET"]}}],"collection":[{"href":"https:\/\/gruporosmar.com.mx\/en\/wp-json\/wp\/v2\/pages"}],"about":[{"href":"https:\/\/gruporosmar.com.mx\/en\/wp-json\/wp\/v2\/types\/page"}],"author":[{"embeddable":true,"href":"https:\/\/gruporosmar.com.mx\/en\/wp-json\/wp\/v2\/users\/12"}],"replies":[{"embeddable":true,"href":"https:\/\/gruporosmar.com.mx\/en\/wp-json\/wp\/v2\/comments?post=1493"}],"version-history":[{"count":36,"href":"https:\/\/gruporosmar.com.mx\/en\/wp-json\/wp\/v2\/pages\/1493\/revisions"}],"predecessor-version":[{"id":11048,"href":"https:\/\/gruporosmar.com.mx\/en\/wp-json\/wp\/v2\/pages\/1493\/revisions\/11048"}],"wp:attachment":[{"href":"https:\/\/gruporosmar.com.mx\/en\/wp-json\/wp\/v2\/media?parent=1493"}],"curies":[{"name":"wp","href":"https:\/\/api.w.org\/{rel}","templated":true}]}}