{"id":172,"date":"2021-07-26T00:27:40","date_gmt":"2021-07-26T00:27:40","guid":{"rendered":"http:\/\/rosmarusa.kglabs.net\/?page_id=172"},"modified":"2021-09-08T23:35:40","modified_gmt":"2021-09-08T23:35:40","slug":"filosofia-de-vida-en-grupo-rosmar","status":"publish","type":"page","link":"https:\/\/gruporosmar.com.mx\/en\/filosofia-de-vida-en-grupo-rosmar\/","title":{"rendered":"Filosof\u00eda de vida en GRUPO ROSMAR"},"content":{"rendered":"<div data-elementor-type=\"wp-page\" data-elementor-id=\"172\" class=\"elementor elementor-172\" data-elementor-post-type=\"page\">\n\t\t\t\t\t\t<section class=\"elementor-section elementor-top-section elementor-element elementor-element-658bb762 elementor-section-boxed elementor-section-height-default elementor-section-height-default\" data-id=\"658bb762\" data-element_type=\"section\" data-e-type=\"section\">\n\t\t\t\t\t\t<div class=\"elementor-container elementor-column-gap-default\">\n\t\t\t\t\t<div class=\"elementor-column elementor-col-100 elementor-top-column elementor-element elementor-element-73f11b0\" data-id=\"73f11b0\" data-element_type=\"column\" data-e-type=\"column\">\n\t\t\t<div class=\"elementor-widget-wrap elementor-element-populated\">\n\t\t\t\t\t\t<div class=\"elementor-element elementor-element-50f6651 elementor-widget elementor-widget-spacer\" data-id=\"50f6651\" data-element_type=\"widget\" data-e-type=\"widget\" data-widget_type=\"spacer.default\">\n\t\t\t\t<div class=\"elementor-widget-container\">\n\t\t\t\t\t\t\t<div class=\"elementor-spacer\">\n\t\t\t<div class=\"elementor-spacer-inner\"><\/div>\n\t\t<\/div>\n\t\t\t\t\t\t<\/div>\n\t\t\t\t<\/div>\n\t\t\t\t<div class=\"elementor-element elementor-element-cac34f1 elementor-widget elementor-widget-heading\" data-id=\"cac34f1\" data-element_type=\"widget\" data-e-type=\"widget\" data-widget_type=\"heading.default\">\n\t\t\t\t<div class=\"elementor-widget-container\">\n\t\t\t\t\t<h2 class=\"elementor-heading-title elementor-size-default\">Filosof\u00eda de vida en GRUPO ROSMAR<\/h2>\t\t\t\t<\/div>\n\t\t\t\t<\/div>\n\t\t\t\t<div class=\"elementor-element elementor-element-24e7a2e elementor-widget elementor-widget-text-editor\" data-id=\"24e7a2e\" data-element_type=\"widget\" data-e-type=\"widget\" data-widget_type=\"text-editor.default\">\n\t\t\t\t<div class=\"elementor-widget-container\">\n\t\t\t\t\t\t\t\t\t<p><strong>&#8220;Nuestro objetivo primordial es crear una atm\u00f3sfera confortable para nuestra gente en la que todos estemos conscientes de que se respetar\u00e1n los valores del Grupo&#8221;<\/strong><\/p>\n<p>Uno de los objetivos principales de\u00a0<strong>GRUPO ROSMAR<\/strong>\u00a0es el compromiso que tiene nuestro talento humano para la generaci\u00f3n de resultados, logro de objetivos y consecuci\u00f3n de metas acorde a las necesidades de nuestros clientes. Generamos aliados de negocio a trav\u00e9s de la oferta de\u00a0<strong>productos y servicios de alto valor agregado<\/strong>, vincul\u00e1ndonos eficazmente con nuestros proveedores y colaboradores durante el desarrollo de proyectos.\u00a0Hoy en d\u00eda contamos con\u00a0<strong>una red de profesionales t\u00e9cnicos y especialistas\u00a0<\/strong>\u00a0con certificaciones y experiencia a nivel nacional enfocados a brindar soluciones de negocio para atender las necesidades de la industria alimentaria en materia de confiabilidad y sustentabilidad de los alimentos.<\/p>\n<p>Nuestros instructores y consultores al tener conocimientos de gesti\u00f3n empresarial se enfocan en generar valor a nuestros clientes, cuentan con conocimientos de gesti\u00f3n empresarial t\u00e9cnico y de manejo de proyectos, perfil educativo de carreras a fines y se encuentran organizados bajo un sistema de gesti\u00f3n de talento que identifica brechas y planes de desarrollo para mejorar las capacidades de nuestra gente.<\/p>\t\t\t\t\t\t\t\t<\/div>\n\t\t\t\t<\/div>\n\t\t\t\t<div class=\"elementor-element elementor-element-31df657 elementor-widget elementor-widget-heading\" data-id=\"31df657\" data-element_type=\"widget\" data-e-type=\"widget\" data-widget_type=\"heading.default\">\n\t\t\t\t<div class=\"elementor-widget-container\">\n\t\t\t\t\t<h2 class=\"elementor-heading-title elementor-size-default\">Rosmar Culture<\/h2>\t\t\t\t<\/div>\n\t\t\t\t<\/div>\n\t\t\t\t<div class=\"elementor-element elementor-element-20dbecb elementor-widget elementor-widget-text-editor\" data-id=\"20dbecb\" data-element_type=\"widget\" data-e-type=\"widget\" data-widget_type=\"text-editor.default\">\n\t\t\t\t<div class=\"elementor-widget-container\">\n\t\t\t\t\t\t\t\t\t<p>En\u00a0<strong>GRUPO ROSMAR<\/strong>\u00a0la cultura es fundamental, es la pieza central de nuestro comportamiento y de donde emana nuestra diferenciaci\u00f3n como organizaci\u00f3n ante nuestros competidores. Mucho nos enfocamos en el desarrollo profesional de nuestras talento a trav\u00e9s de mantener una cultura del trabajo competitiva que se basa principalmente en los siguientes ejes que son indispensables para lograr los objetivos de negocio de la empresa:<\/p>\n<p><strong>1.Cultura del Esfuerzo<\/strong><\/p>\n<p>Para nosotros significa\u00a0<strong>\u201cser el mejor en todo lo que se hace\u201d<\/strong>\u00a0enfoc\u00e1ndonos en la obtenci\u00f3n del resultado a trav\u00e9s del empe\u00f1o y trabajo para lograr las cosas, sin tener miedo al fracaso. Siempre damos nuestro m\u00e1ximo esfuerzo, somos una empresa fundada por gente trabajadora.<\/p>\n<p><strong>2. Hacer que las cosas sucedan<\/strong><\/p>\n<p><strong>Retar lo establecido<\/strong>\u00a0y lograr mejorarlo, conseguir<strong>\u00a0con creatividad<\/strong>\u00a0las cosas hasta lograrlas y garantizar que as\u00ed se mantenga.<\/p>\n<p><strong>3. Cultura de la\u00a0Humildad<\/strong><\/p>\n<p><strong>Reconocer y aprender de los errores<\/strong>, tolerar las equivocaciones como un proceso de aprendizaje constante, de tal manera que se escuche a los dem\u00e1s y nos podamos adaptar a distintas situaciones que se presenten para seguir aprendiendo; adem\u00e1s de que nuestra gente no discrimina y podemos tratar con todo tipo de gente.<\/p>\n<p><strong>4. Cultura de la Austeridad<\/strong><\/p>\n<p>Para nuestra gente no es indispensable contar con grandes presupuestos para dar los resultados esperados, es decir que los\u00a0<strong>recursos son empleados de manera eficiente<\/strong>\u00a0para cumplir las expectativas de nuestros clientes.<\/p>\n<p><strong>5. Cultura de la Responsabilidad<\/strong><\/p>\n<p>Para nosotros es esencial el cumplimiento de los compromisos establecidos en\u00a0<strong>tiempo y forma<\/strong>, generando y manteniendo la\u00a0<strong>confianza<\/strong>\u00a0que nos caracteriza.<\/p>\t\t\t\t\t\t\t\t<\/div>\n\t\t\t\t<\/div>\n\t\t\t\t<div class=\"elementor-element elementor-element-10585ce elementor-widget elementor-widget-heading\" data-id=\"10585ce\" data-element_type=\"widget\" data-e-type=\"widget\" data-widget_type=\"heading.default\">\n\t\t\t\t<div class=\"elementor-widget-container\">\n\t\t\t\t\t<h2 class=\"elementor-heading-title elementor-size-default\">Values<\/h2>\t\t\t\t<\/div>\n\t\t\t\t<\/div>\n\t\t\t\t<div class=\"elementor-element elementor-element-83be0ad elementor-widget elementor-widget-image\" data-id=\"83be0ad\" data-element_type=\"widget\" data-e-type=\"widget\" data-widget_type=\"image.default\">\n\t\t\t\t<div class=\"elementor-widget-container\">\n\t\t\t\t\t\t\t\t\t\t\t\t\t\t\t<img fetchpriority=\"high\" decoding=\"async\" width=\"768\" height=\"482\" src=\"https:\/\/gruporosmar.com.mx\/wp-content\/uploads\/2021\/09\/Captura-de-Pantalla-2021-09-08-a-las-17.45.37-768x482.png\" class=\"attachment-medium_large size-medium_large wp-image-815\" alt=\"\" srcset=\"https:\/\/gruporosmar.com.mx\/wp-content\/uploads\/2021\/09\/Captura-de-Pantalla-2021-09-08-a-las-17.45.37-768x482.png 768w, https:\/\/gruporosmar.com.mx\/wp-content\/uploads\/2021\/09\/Captura-de-Pantalla-2021-09-08-a-las-17.45.37-300x188.png 300w, https:\/\/gruporosmar.com.mx\/wp-content\/uploads\/2021\/09\/Captura-de-Pantalla-2021-09-08-a-las-17.45.37-1024x643.png 1024w, https:\/\/gruporosmar.com.mx\/wp-content\/uploads\/2021\/09\/Captura-de-Pantalla-2021-09-08-a-las-17.45.37-600x377.png 600w, https:\/\/gruporosmar.com.mx\/wp-content\/uploads\/2021\/09\/Captura-de-Pantalla-2021-09-08-a-las-17.45.37.png 1536w\" sizes=\"(max-width: 768px) 100vw, 768px\" \/>\t\t\t\t\t\t\t\t\t\t\t\t\t\t\t<\/div>\n\t\t\t\t<\/div>\n\t\t\t\t<div class=\"elementor-element elementor-element-12c6a4f elementor-widget elementor-widget-text-editor\" data-id=\"12c6a4f\" data-element_type=\"widget\" data-e-type=\"widget\" data-widget_type=\"text-editor.default\">\n\t\t\t\t<div class=\"elementor-widget-container\">\n\t\t\t\t\t\t\t\t\t<p>En\u00a0<strong>GRUPO ROSMAR<\/strong>, contamos con una serie de pol\u00edticas y reglamentos para todas las actividades que desempe\u00f1amos dentro del grupo, estas actividades de negocio se encuentran \u00a0la pol\u00edtica para las actividades basadas en principios y valores apegados a derecho, adem\u00e1s de ser socialmente responsable.<\/p>\n<p>Hemos establecido un\u00a0<strong>Comit\u00e9 de \u00c9tica<\/strong>\u00a0para reforzar el compromiso de nuestra gente con las pol\u00edticas de la empresa. Dicho Comit\u00e9 se encarga de comunicar, dar gu\u00eda y aplicar los est\u00e1ndares en todas nuestras sucursales y oficinas.<\/p>\t\t\t\t\t\t\t\t<\/div>\n\t\t\t\t<\/div>\n\t\t\t\t<div class=\"elementor-element elementor-element-b179a21 elementor-widget elementor-widget-spacer\" data-id=\"b179a21\" data-element_type=\"widget\" data-e-type=\"widget\" data-widget_type=\"spacer.default\">\n\t\t\t\t<div class=\"elementor-widget-container\">\n\t\t\t\t\t\t\t<div class=\"elementor-spacer\">\n\t\t\t<div class=\"elementor-spacer-inner\"><\/div>\n\t\t<\/div>\n\t\t\t\t\t\t<\/div>\n\t\t\t\t<\/div>\n\t\t\t\t\t<\/div>\n\t\t<\/div>\n\t\t\t\t\t<\/div>\n\t\t<\/section>\n\t\t\t\t<\/div>","protected":false},"excerpt":{"rendered":"<p>Filosof\u00eda de vida en GRUPO ROSMAR &#8220;Nuestro objetivo primordial es crear una atm\u00f3sfera confortable para nuestra gente en la que todos estemos conscientes de que se respetar\u00e1n los valores del Grupo&#8221; Uno de los objetivos principales de\u00a0GRUPO ROSMAR\u00a0es el compromiso que tiene nuestro talento humano para la generaci\u00f3n de resultados, logro de objetivos y consecuci\u00f3n [&hellip;]<\/p>\n","protected":false},"author":12,"featured_media":0,"parent":0,"menu_order":0,"comment_status":"closed","ping_status":"closed","template":"","meta":{"footnotes":""},"class_list":["post-172","page","type-page","status-publish","hentry"],"_links":{"self":[{"href":"https:\/\/gruporosmar.com.mx\/en\/wp-json\/wp\/v2\/pages\/172","targetHints":{"allow":["GET"]}}],"collection":[{"href":"https:\/\/gruporosmar.com.mx\/en\/wp-json\/wp\/v2\/pages"}],"about":[{"href":"https:\/\/gruporosmar.com.mx\/en\/wp-json\/wp\/v2\/types\/page"}],"author":[{"embeddable":true,"href":"https:\/\/gruporosmar.com.mx\/en\/wp-json\/wp\/v2\/users\/12"}],"replies":[{"embeddable":true,"href":"https:\/\/gruporosmar.com.mx\/en\/wp-json\/wp\/v2\/comments?post=172"}],"version-history":[{"count":10,"href":"https:\/\/gruporosmar.com.mx\/en\/wp-json\/wp\/v2\/pages\/172\/revisions"}],"predecessor-version":[{"id":857,"href":"https:\/\/gruporosmar.com.mx\/en\/wp-json\/wp\/v2\/pages\/172\/revisions\/857"}],"wp:attachment":[{"href":"https:\/\/gruporosmar.com.mx\/en\/wp-json\/wp\/v2\/media?parent=172"}],"curies":[{"name":"wp","href":"https:\/\/api.w.org\/{rel}","templated":true}]}}