{"id":174,"date":"2021-07-26T00:28:23","date_gmt":"2021-07-26T00:28:23","guid":{"rendered":"http:\/\/rosmarusa.kglabs.net\/?page_id=174"},"modified":"2021-09-08T23:02:02","modified_gmt":"2021-09-08T23:02:02","slug":"universidad-rosmar","status":"publish","type":"page","link":"https:\/\/gruporosmar.com.mx\/en\/universidad-rosmar\/","title":{"rendered":"Universidad ROSMAR"},"content":{"rendered":"<div data-elementor-type=\"wp-page\" data-elementor-id=\"174\" class=\"elementor elementor-174\" data-elementor-post-type=\"page\">\n\t\t\t\t\t\t<section class=\"elementor-section elementor-top-section elementor-element elementor-element-46922ef1 elementor-section-boxed elementor-section-height-default elementor-section-height-default\" data-id=\"46922ef1\" data-element_type=\"section\" data-e-type=\"section\">\n\t\t\t\t\t\t<div class=\"elementor-container elementor-column-gap-default\">\n\t\t\t\t\t<div class=\"elementor-column elementor-col-100 elementor-top-column elementor-element elementor-element-1e506077\" data-id=\"1e506077\" data-element_type=\"column\" data-e-type=\"column\">\n\t\t\t<div class=\"elementor-widget-wrap elementor-element-populated\">\n\t\t\t\t\t\t<div class=\"elementor-element elementor-element-ad1867d elementor-widget elementor-widget-spacer\" data-id=\"ad1867d\" data-element_type=\"widget\" data-e-type=\"widget\" data-widget_type=\"spacer.default\">\n\t\t\t\t<div class=\"elementor-widget-container\">\n\t\t\t\t\t\t\t<div class=\"elementor-spacer\">\n\t\t\t<div class=\"elementor-spacer-inner\"><\/div>\n\t\t<\/div>\n\t\t\t\t\t\t<\/div>\n\t\t\t\t<\/div>\n\t\t\t\t<div class=\"elementor-element elementor-element-158020b elementor-widget elementor-widget-heading\" data-id=\"158020b\" data-element_type=\"widget\" data-e-type=\"widget\" data-widget_type=\"heading.default\">\n\t\t\t\t<div class=\"elementor-widget-container\">\n\t\t\t\t\t<h2 class=\"elementor-heading-title elementor-size-default\">Universidad ROSMAR<\/h2>\t\t\t\t<\/div>\n\t\t\t\t<\/div>\n\t\t\t\t<div class=\"elementor-element elementor-element-67f6fb4 elementor-widget elementor-widget-text-editor\" data-id=\"67f6fb4\" data-element_type=\"widget\" data-e-type=\"widget\" data-widget_type=\"text-editor.default\">\n\t\t\t\t<div class=\"elementor-widget-container\">\n\t\t\t\t\t\t\t\t\t<p>En\u00a0<strong>GRUPO ROSMAR<\/strong>\u00a0nuestro eje principal para la consecuci\u00f3n de nuestros objetivos son nuestros colaboradores, es donde radica nuestra diferenciaci\u00f3n, por tal motivo somos un grupo que creemos en el futuro de nuestros colaboradores e invertimos m\u00e1s del 5% de nuestras ventas en ellos con la finalidad de explotar todo su potencial, tanto personal, como profesional y con esto lograr un crecimiento exponencial, siempre manteniendo el balance intelectual, emocional y social para alcanzar una satisfacci\u00f3n completa.<\/p>\t\t\t\t\t\t\t\t<\/div>\n\t\t\t\t<\/div>\n\t\t\t\t<section class=\"elementor-section elementor-inner-section elementor-element elementor-element-b443322 elementor-section-boxed elementor-section-height-default elementor-section-height-default\" data-id=\"b443322\" data-element_type=\"section\" data-e-type=\"section\">\n\t\t\t\t\t\t<div class=\"elementor-container elementor-column-gap-default\">\n\t\t\t\t\t<div class=\"elementor-column elementor-col-50 elementor-inner-column elementor-element elementor-element-a7073b8\" data-id=\"a7073b8\" data-element_type=\"column\" data-e-type=\"column\">\n\t\t\t<div class=\"elementor-widget-wrap elementor-element-populated\">\n\t\t\t\t\t\t<div class=\"elementor-element elementor-element-701c194 elementor-widget elementor-widget-image\" data-id=\"701c194\" data-element_type=\"widget\" data-e-type=\"widget\" data-widget_type=\"image.default\">\n\t\t\t\t<div class=\"elementor-widget-container\">\n\t\t\t\t\t\t\t\t\t\t\t\t\t\t\t<img decoding=\"async\" width=\"300\" height=\"98\" src=\"https:\/\/gruporosmar.com.mx\/wp-content\/uploads\/2021\/07\/LOGO-GRUPO-ROSMAR-2011-fondo-transparente-2-300x98.png\" class=\"attachment-medium size-medium wp-image-9\" alt=\"Grupo Rosmar\" srcset=\"https:\/\/gruporosmar.com.mx\/wp-content\/uploads\/2021\/07\/LOGO-GRUPO-ROSMAR-2011-fondo-transparente-2-300x98.png 300w, https:\/\/gruporosmar.com.mx\/wp-content\/uploads\/2021\/07\/LOGO-GRUPO-ROSMAR-2011-fondo-transparente-2-768x250.png 768w, https:\/\/gruporosmar.com.mx\/wp-content\/uploads\/2021\/07\/LOGO-GRUPO-ROSMAR-2011-fondo-transparente-2.png 844w\" sizes=\"(max-width: 300px) 100vw, 300px\" \/>\t\t\t\t\t\t\t\t\t\t\t\t\t\t\t<\/div>\n\t\t\t\t<\/div>\n\t\t\t\t<div class=\"elementor-element elementor-element-a98ca7b elementor-widget elementor-widget-image\" data-id=\"a98ca7b\" data-element_type=\"widget\" data-e-type=\"widget\" data-widget_type=\"image.default\">\n\t\t\t\t<div class=\"elementor-widget-container\">\n\t\t\t\t\t\t\t\t\t\t\t\t\t\t\t<img fetchpriority=\"high\" decoding=\"async\" width=\"800\" height=\"379\" src=\"https:\/\/gruporosmar.com.mx\/wp-content\/uploads\/2021\/09\/20200214_110301-1024x485.webp\" class=\"attachment-large size-large wp-image-823\" alt=\"\" srcset=\"https:\/\/gruporosmar.com.mx\/wp-content\/uploads\/2021\/09\/20200214_110301-1024x485.webp 1024w, https:\/\/gruporosmar.com.mx\/wp-content\/uploads\/2021\/09\/20200214_110301-300x142.webp 300w, https:\/\/gruporosmar.com.mx\/wp-content\/uploads\/2021\/09\/20200214_110301-768x364.webp 768w, https:\/\/gruporosmar.com.mx\/wp-content\/uploads\/2021\/09\/20200214_110301-1536x728.webp 1536w, https:\/\/gruporosmar.com.mx\/wp-content\/uploads\/2021\/09\/20200214_110301-2048x971.webp 2048w, https:\/\/gruporosmar.com.mx\/wp-content\/uploads\/2021\/09\/20200214_110301-600x284.webp 600w\" sizes=\"(max-width: 800px) 100vw, 800px\" \/>\t\t\t\t\t\t\t\t\t\t\t\t\t\t\t<\/div>\n\t\t\t\t<\/div>\n\t\t\t\t\t<\/div>\n\t\t<\/div>\n\t\t\t\t<div class=\"elementor-column elementor-col-50 elementor-inner-column elementor-element elementor-element-4a0a9e7\" data-id=\"4a0a9e7\" data-element_type=\"column\" data-e-type=\"column\">\n\t\t\t<div class=\"elementor-widget-wrap elementor-element-populated\">\n\t\t\t\t\t\t<div class=\"elementor-element elementor-element-bdcc670 elementor-widget elementor-widget-text-editor\" data-id=\"bdcc670\" data-element_type=\"widget\" data-e-type=\"widget\" data-widget_type=\"text-editor.default\">\n\t\t\t\t<div class=\"elementor-widget-container\">\n\t\t\t\t\t\t\t\t\t<p>Tenemos diferentes programas para que puedas desarrollar tus habilidades y competencias:<\/p>\n<p><strong><em>Pr\u00e1cticas profesionales<\/em><\/strong><\/p>\n<p>Contamos con programas de pr\u00e1cticas profesionales para estudiantes que se encuentren en los \u00faltimos semestres y que est\u00e9n interesados en aprender y hacer una carrera dentro de la empresa. El principal objetivo de estos programas es que aprendan al mismo tiempo que le generan beneficios a la compa\u00f1\u00eda.<\/p>\n<p><strong><em>Mi primer empleo<\/em><\/strong><\/p>\n<p>Es un programa que tenemos para reci\u00e9n egresados en donde creemos mucho en las capacidades de los estudiantes, ya que a trav\u00e9s de una buena direcci\u00f3n tienen la oportunidad de aprender en el entorno laboral, al mismo tiempo que perfeccionan sus conocimientos y le aportan valor a nuestro grupo.<\/p>\t\t\t\t\t\t\t\t<\/div>\n\t\t\t\t<\/div>\n\t\t\t\t\t<\/div>\n\t\t<\/div>\n\t\t\t\t\t<\/div>\n\t\t<\/section>\n\t\t\t\t<div class=\"elementor-element elementor-element-05ccc48 elementor-widget elementor-widget-text-editor\" data-id=\"05ccc48\" data-element_type=\"widget\" data-e-type=\"widget\" data-widget_type=\"text-editor.default\">\n\t\t\t\t<div class=\"elementor-widget-container\">\n\t\t\t\t\t\t\t\t\t<p><a href=\"https:\/\/gruporosmar.com.mx\/en\/consultores-trainee\/?hsLang=es-mx\"><em><strong>Consultores Trainee<\/strong><\/em><\/a><\/p>\n<p>Es un programa de formaci\u00f3n para futuros consultores que busca potenciar las habilidades y capacidades de los reci\u00e9n egresados, los involucramos en procesos retadores donde puedan adquirir conocimientos de nuestros expertos en la industria.<\/p>\n<p><a href=\"https:\/\/gruporosmar.com.mx\/en\/gerentes-trainee\/?hsLang=es-mx\"><em><strong>Gerentes Trainee<\/strong><\/em><\/a><\/p>\n<p>Dise\u00f1ado para captar, desarrollar y formar profesionales con potencial de crecimiento para asumir a un mediano plazo cargos estrat\u00e9gicos dentro de la organizaci\u00f3n que encaren a trav\u00e9s de sus habilidades y conocimientos cualquier desaf\u00edo.<\/p>\n<p><a href=\"https:\/\/gruporosmar.com.mx\/en\/plan-de-vida-y-carrera\/?hsLang=es-mx\"><em><strong>Planes de Vida y Carrera<\/strong><\/em><\/a><\/p>\n<p>Desde el momento en que ingresas a\u00a0<strong>GRUPO ROSMAR<\/strong>\u00a0se crea un programa personalizado de capacitaci\u00f3n, en el cual te preparar\u00e1s para continuar tu carrera profesional, ya que el recurso m\u00e1s importante para nosotros son nuestros colaboradores.<\/p>\n<p><em>Programas de desarrollo de la Universidad Rosmar<\/em><\/p>\n<ul>\n<li>Programa de Inducci\u00f3n al Puesto<\/li>\n<li>Programa de Certificaci\u00f3n de Puestos Clave<\/li>\n<li>Programa Anual de Capacitaci\u00f3n<\/li>\n<li>Programa de Desarrollo de Habilidades Gerenciales<\/li>\n<\/ul>\t\t\t\t\t\t\t\t<\/div>\n\t\t\t\t<\/div>\n\t\t\t\t<div class=\"elementor-element elementor-element-285adfe elementor-widget elementor-widget-spacer\" data-id=\"285adfe\" data-element_type=\"widget\" data-e-type=\"widget\" data-widget_type=\"spacer.default\">\n\t\t\t\t<div class=\"elementor-widget-container\">\n\t\t\t\t\t\t\t<div class=\"elementor-spacer\">\n\t\t\t<div class=\"elementor-spacer-inner\"><\/div>\n\t\t<\/div>\n\t\t\t\t\t\t<\/div>\n\t\t\t\t<\/div>\n\t\t\t\t\t<\/div>\n\t\t<\/div>\n\t\t\t\t\t<\/div>\n\t\t<\/section>\n\t\t\t\t<\/div>","protected":false},"excerpt":{"rendered":"<p>Universidad ROSMAR En\u00a0GRUPO ROSMAR\u00a0nuestro eje principal para la consecuci\u00f3n de nuestros objetivos son nuestros colaboradores, es donde radica nuestra diferenciaci\u00f3n, por tal motivo somos un grupo que creemos en el futuro de nuestros colaboradores e invertimos m\u00e1s del 5% de nuestras ventas en ellos con la finalidad de explotar todo su potencial, tanto personal, como [&hellip;]<\/p>\n","protected":false},"author":12,"featured_media":0,"parent":0,"menu_order":0,"comment_status":"closed","ping_status":"closed","template":"","meta":{"footnotes":""},"class_list":["post-174","page","type-page","status-publish","hentry"],"_links":{"self":[{"href":"https:\/\/gruporosmar.com.mx\/en\/wp-json\/wp\/v2\/pages\/174","targetHints":{"allow":["GET"]}}],"collection":[{"href":"https:\/\/gruporosmar.com.mx\/en\/wp-json\/wp\/v2\/pages"}],"about":[{"href":"https:\/\/gruporosmar.com.mx\/en\/wp-json\/wp\/v2\/types\/page"}],"author":[{"embeddable":true,"href":"https:\/\/gruporosmar.com.mx\/en\/wp-json\/wp\/v2\/users\/12"}],"replies":[{"embeddable":true,"href":"https:\/\/gruporosmar.com.mx\/en\/wp-json\/wp\/v2\/comments?post=174"}],"version-history":[{"count":4,"href":"https:\/\/gruporosmar.com.mx\/en\/wp-json\/wp\/v2\/pages\/174\/revisions"}],"predecessor-version":[{"id":826,"href":"https:\/\/gruporosmar.com.mx\/en\/wp-json\/wp\/v2\/pages\/174\/revisions\/826"}],"wp:attachment":[{"href":"https:\/\/gruporosmar.com.mx\/en\/wp-json\/wp\/v2\/media?parent=174"}],"curies":[{"name":"wp","href":"https:\/\/api.w.org\/{rel}","templated":true}]}}