{"id":333,"date":"2021-08-20T02:12:32","date_gmt":"2021-08-20T02:12:32","guid":{"rendered":"http:\/\/rosmarusa.kglabs.net\/?page_id=333"},"modified":"2026-04-02T02:10:42","modified_gmt":"2026-04-02T02:10:42","slug":"rosmar-soluciones-de-negocio","status":"publish","type":"page","link":"https:\/\/gruporosmar.com.mx\/en\/rosmar-soluciones-de-negocio\/","title":{"rendered":"Rosmar Soluciones de negocio"},"content":{"rendered":"<div data-elementor-type=\"wp-page\" data-elementor-id=\"333\" class=\"elementor elementor-333\" data-elementor-post-type=\"page\">\n\t\t\t\t\t\t<section class=\"elementor-section elementor-top-section elementor-element elementor-element-981795e elementor-section-boxed elementor-section-height-default elementor-section-height-default\" data-id=\"981795e\" data-element_type=\"section\" data-e-type=\"section\">\n\t\t\t\t\t\t<div class=\"elementor-container elementor-column-gap-default\">\n\t\t\t\t\t<div class=\"elementor-column elementor-col-100 elementor-top-column elementor-element elementor-element-49611110\" data-id=\"49611110\" data-element_type=\"column\" data-e-type=\"column\">\n\t\t\t<div class=\"elementor-widget-wrap elementor-element-populated\">\n\t\t\t\t\t\t<div class=\"elementor-element elementor-element-45dac6db elementor-widget elementor-widget-spacer\" data-id=\"45dac6db\" data-element_type=\"widget\" data-e-type=\"widget\" data-widget_type=\"spacer.default\">\n\t\t\t\t<div class=\"elementor-widget-container\">\n\t\t\t\t\t\t\t<div class=\"elementor-spacer\">\n\t\t\t<div class=\"elementor-spacer-inner\"><\/div>\n\t\t<\/div>\n\t\t\t\t\t\t<\/div>\n\t\t\t\t<\/div>\n\t\t\t\t<div class=\"elementor-element elementor-element-17cb8c2e elementor-widget elementor-widget-heading\" data-id=\"17cb8c2e\" data-element_type=\"widget\" data-e-type=\"widget\" data-widget_type=\"heading.default\">\n\t\t\t\t<div class=\"elementor-widget-container\">\n\t\t\t\t\t<h2 class=\"elementor-heading-title elementor-size-default\">Business solutions <strong>Rosmar<\/strong> <\/h2>\t\t\t\t<\/div>\n\t\t\t\t<\/div>\n\t\t\t\t\t<\/div>\n\t\t<\/div>\n\t\t\t\t\t<\/div>\n\t\t<\/section>\n\t\t\t\t<section class=\"elementor-section elementor-top-section elementor-element elementor-element-317c7b3 elementor-section-boxed elementor-section-height-default elementor-section-height-default\" data-id=\"317c7b3\" data-element_type=\"section\" data-e-type=\"section\">\n\t\t\t\t\t\t<div class=\"elementor-container elementor-column-gap-default\">\n\t\t\t\t\t<div class=\"elementor-column elementor-col-66 elementor-top-column elementor-element elementor-element-e9c1d1c\" data-id=\"e9c1d1c\" data-element_type=\"column\" data-e-type=\"column\">\n\t\t\t<div class=\"elementor-widget-wrap elementor-element-populated\">\n\t\t\t\t\t\t<div class=\"elementor-element elementor-element-11cfecd elementor-widget elementor-widget-image\" data-id=\"11cfecd\" data-element_type=\"widget\" data-e-type=\"widget\" data-widget_type=\"image.default\">\n\t\t\t\t<div class=\"elementor-widget-container\">\n\t\t\t\t\t\t\t\t\t\t\t\t\t\t\t<img fetchpriority=\"high\" decoding=\"async\" width=\"800\" height=\"533\" src=\"https:\/\/gruporosmar.com.mx\/wp-content\/uploads\/2021\/12\/bigstock-Team-of-multiethnic-architects-361905502.jpg\" class=\"attachment-large size-large wp-image-2482\" alt=\"\" srcset=\"https:\/\/gruporosmar.com.mx\/wp-content\/uploads\/2021\/12\/bigstock-Team-of-multiethnic-architects-361905502.jpg 900w, https:\/\/gruporosmar.com.mx\/wp-content\/uploads\/2021\/12\/bigstock-Team-of-multiethnic-architects-361905502-300x200.jpg 300w, https:\/\/gruporosmar.com.mx\/wp-content\/uploads\/2021\/12\/bigstock-Team-of-multiethnic-architects-361905502-768x512.jpg 768w, https:\/\/gruporosmar.com.mx\/wp-content\/uploads\/2021\/12\/bigstock-Team-of-multiethnic-architects-361905502-18x12.jpg 18w, https:\/\/gruporosmar.com.mx\/wp-content\/uploads\/2021\/12\/bigstock-Team-of-multiethnic-architects-361905502-600x400.jpg 600w\" sizes=\"(max-width: 800px) 100vw, 800px\" \/>\t\t\t\t\t\t\t\t\t\t\t\t\t\t\t<\/div>\n\t\t\t\t<\/div>\n\t\t\t\t\t<\/div>\n\t\t<\/div>\n\t\t\t\t<div class=\"elementor-column elementor-col-33 elementor-top-column elementor-element elementor-element-3d4cc9d\" data-id=\"3d4cc9d\" data-element_type=\"column\" data-e-type=\"column\">\n\t\t\t<div class=\"elementor-widget-wrap elementor-element-populated\">\n\t\t\t\t\t\t<div class=\"elementor-element elementor-element-b72bdb1 elementor-widget elementor-widget-text-editor\" data-id=\"b72bdb1\" data-element_type=\"widget\" data-e-type=\"widget\" data-widget_type=\"text-editor.default\">\n\t\t\t\t<div class=\"elementor-widget-container\">\n\t\t\t\t\t\t\t\t\t<p><strong>Consultor\u00eda Especializada para las Industrias Agroalimentaria, de Bebidas y Farmac\u00e9utica<\/strong><\/p><p>Cada sector tiene desaf\u00edos espec\u00edficos de sanidad y limpieza en la producci\u00f3n de alimentos y productos farmac\u00e9uticos. Por ello, nuestros investigadores trabajan d\u00eda a d\u00eda innovando para cubrir cada una de tus necesidades.<\/p><p>Nos enfocamos en agregar valor a nuestros clientes\u00a0<span data-preserver-spaces=\"true\">Los productos y servicios de <strong>Rosmar<\/strong>\u00a0ayudan a las empresas a hacer crecer su negocio, para que usted se enfoque en su Core Business.<\/span><\/p><p><span data-preserver-spaces=\"true\">Nuestras Soluciones de Negocio est\u00e1n dise\u00f1adas para cumplir con todos los requisitos y est\u00e1ndares de sanidad e inocuidad necesarios para ser utilizados a lo largo de toda la cadena de suministro en la Industria Agroalimentaria, de Bebidas y Farmac\u00e9utica.<\/span><\/p>\t\t\t\t\t\t\t\t<\/div>\n\t\t\t\t<\/div>\n\t\t\t\t\t<\/div>\n\t\t<\/div>\n\t\t\t\t\t<\/div>\n\t\t<\/section>\n\t\t\t\t<section class=\"elementor-section elementor-top-section elementor-element elementor-element-0bbeefb elementor-section-boxed elementor-section-height-default elementor-section-height-default\" data-id=\"0bbeefb\" data-element_type=\"section\" data-e-type=\"section\">\n\t\t\t\t\t\t<div class=\"elementor-container elementor-column-gap-default\">\n\t\t\t\t\t<div class=\"elementor-column elementor-col-100 elementor-top-column elementor-element elementor-element-19e925b\" data-id=\"19e925b\" data-element_type=\"column\" data-e-type=\"column\">\n\t\t\t<div class=\"elementor-widget-wrap elementor-element-populated\">\n\t\t\t\t\t\t<div class=\"elementor-element elementor-element-cdfe323 elementor-widget-divider--view-line elementor-widget elementor-widget-divider\" data-id=\"cdfe323\" data-element_type=\"widget\" data-e-type=\"widget\" data-widget_type=\"divider.default\">\n\t\t\t\t<div class=\"elementor-widget-container\">\n\t\t\t\t\t\t\t<div class=\"elementor-divider\">\n\t\t\t<span class=\"elementor-divider-separator\">\n\t\t\t\t\t\t<\/span>\n\t\t<\/div>\n\t\t\t\t\t\t<\/div>\n\t\t\t\t<\/div>\n\t\t\t\t\t<\/div>\n\t\t<\/div>\n\t\t\t\t\t<\/div>\n\t\t<\/section>\n\t\t\t\t<section class=\"elementor-section elementor-top-section elementor-element elementor-element-71c1571 elementor-section-boxed elementor-section-height-default elementor-section-height-default\" data-id=\"71c1571\" data-element_type=\"section\" data-e-type=\"section\">\n\t\t\t\t\t\t<div class=\"elementor-container elementor-column-gap-default\">\n\t\t\t\t\t<div class=\"elementor-column elementor-col-100 elementor-top-column elementor-element elementor-element-368aed9d\" data-id=\"368aed9d\" data-element_type=\"column\" data-e-type=\"column\">\n\t\t\t<div class=\"elementor-widget-wrap elementor-element-populated\">\n\t\t\t\t\t\t<div class=\"elementor-element elementor-element-26f7024d text-center elementor-widget elementor-widget-tp-heading-title\" data-id=\"26f7024d\" data-element_type=\"widget\" data-e-type=\"widget\" data-widget_type=\"tp-heading-title.default\">\n\t\t\t\t<div class=\"elementor-widget-container\">\n\t\t\t\t\t<div class=\"heading heading_style heading_style69d7818b5a709 style-1\" ><div class=\"sub-style\"  ><div class=\"head-title\" > <h2  class=\"heading-title\"   data-hover=\"Soluciones de Negocio\">Business Solutions<span class=\"title-s\"> Rosmar <\/span><\/h2><\/div><\/div><\/div>\t\t\t\t<\/div>\n\t\t\t\t<\/div>\n\t\t\t\t<div class=\"elementor-element elementor-element-19bab9f elementor-widget elementor-widget-image\" data-id=\"19bab9f\" data-element_type=\"widget\" data-e-type=\"widget\" data-widget_type=\"image.default\">\n\t\t\t\t<div class=\"elementor-widget-container\">\n\t\t\t\t\t\t\t\t\t\t\t\t\t\t\t<img decoding=\"async\" width=\"800\" height=\"206\" src=\"https:\/\/gruporosmar.com.mx\/wp-content\/uploads\/2025\/06\/TESCaaS-1024x264.webp\" class=\"attachment-large size-large wp-image-10973\" alt=\"\" srcset=\"https:\/\/gruporosmar.com.mx\/wp-content\/uploads\/2025\/06\/TESCaaS-1024x264.webp 1024w, https:\/\/gruporosmar.com.mx\/wp-content\/uploads\/2025\/06\/TESCaaS-300x77.webp 300w, https:\/\/gruporosmar.com.mx\/wp-content\/uploads\/2025\/06\/TESCaaS-768x198.webp 768w, https:\/\/gruporosmar.com.mx\/wp-content\/uploads\/2025\/06\/TESCaaS-18x5.webp 18w, https:\/\/gruporosmar.com.mx\/wp-content\/uploads\/2025\/06\/TESCaaS-600x155.webp 600w, https:\/\/gruporosmar.com.mx\/wp-content\/uploads\/2025\/06\/TESCaaS.webp 1436w\" sizes=\"(max-width: 800px) 100vw, 800px\" \/>\t\t\t\t\t\t\t\t\t\t\t\t\t\t\t<\/div>\n\t\t\t\t<\/div>\n\t\t\t\t\t<\/div>\n\t\t<\/div>\n\t\t\t\t\t<\/div>\n\t\t<\/section>\n\t\t\t\t<section class=\"elementor-section elementor-top-section elementor-element elementor-element-0fe00c4 elementor-section-boxed elementor-section-height-default elementor-section-height-default\" data-id=\"0fe00c4\" data-element_type=\"section\" data-e-type=\"section\">\n\t\t\t\t\t\t<div class=\"elementor-container elementor-column-gap-default\">\n\t\t\t\t\t<div class=\"elementor-column elementor-col-100 elementor-top-column elementor-element elementor-element-da04e13\" data-id=\"da04e13\" data-element_type=\"column\" data-e-type=\"column\">\n\t\t\t<div class=\"elementor-widget-wrap elementor-element-populated\">\n\t\t\t\t\t\t<div class=\"elementor-element elementor-element-ce3f083 elementor-widget-divider--view-line elementor-widget elementor-widget-divider\" data-id=\"ce3f083\" data-element_type=\"widget\" data-e-type=\"widget\" data-widget_type=\"divider.default\">\n\t\t\t\t<div class=\"elementor-widget-container\">\n\t\t\t\t\t\t\t<div class=\"elementor-divider\">\n\t\t\t<span class=\"elementor-divider-separator\">\n\t\t\t\t\t\t<\/span>\n\t\t<\/div>\n\t\t\t\t\t\t<\/div>\n\t\t\t\t<\/div>\n\t\t\t\t\t<\/div>\n\t\t<\/div>\n\t\t\t\t\t<\/div>\n\t\t<\/section>\n\t\t\t\t<section class=\"elementor-section elementor-top-section elementor-element elementor-element-3eca60ce elementor-section-boxed elementor-section-height-default elementor-section-height-default\" data-id=\"3eca60ce\" data-element_type=\"section\" data-e-type=\"section\" data-settings=\"{&quot;background_background&quot;:&quot;classic&quot;}\">\n\t\t\t\t\t\t<div class=\"elementor-container elementor-column-gap-default\">\n\t\t\t\t\t<div class=\"elementor-column elementor-col-100 elementor-top-column elementor-element elementor-element-49da0db5\" data-id=\"49da0db5\" data-element_type=\"column\" data-e-type=\"column\">\n\t\t\t<div class=\"elementor-widget-wrap elementor-element-populated\">\n\t\t\t\t\t\t<div class=\"elementor-element elementor-element-60fa178 elementor-align-center e-transform elementor-widget elementor-widget-button\" data-id=\"60fa178\" data-element_type=\"widget\" data-e-type=\"widget\" data-settings=\"{&quot;_transform_scale_effect&quot;:{&quot;unit&quot;:&quot;px&quot;,&quot;size&quot;:1.6,&quot;sizes&quot;:[]},&quot;_transform_scale_effect_mobile&quot;:{&quot;unit&quot;:&quot;px&quot;,&quot;size&quot;:1.1,&quot;sizes&quot;:[]},&quot;_transform_scale_effect_tablet&quot;:{&quot;unit&quot;:&quot;px&quot;,&quot;size&quot;:&quot;&quot;,&quot;sizes&quot;:[]}}\" data-widget_type=\"button.default\">\n\t\t\t\t<div class=\"elementor-widget-container\">\n\t\t\t\t\t\t\t\t\t<div class=\"elementor-button-wrapper\">\n\t\t\t\t\t<a class=\"elementor-button elementor-button-link elementor-size-sm\" href=\"https:\/\/gruporosmar.com.mx\/en\/contacto\/\">\n\t\t\t\t\t\t<span class=\"elementor-button-content-wrapper\">\n\t\t\t\t\t\t<span class=\"elementor-button-icon\">\n\t\t\t\t<i aria-hidden=\"true\" class=\"fas fa-mail-bulk\"><\/i>\t\t\t<\/span>\n\t\t\t\t\t\t\t\t\t<span class=\"elementor-button-text\">Cont\u00e1ctanos<\/span>\n\t\t\t\t\t<\/span>\n\t\t\t\t\t<\/a>\n\t\t\t\t<\/div>\n\t\t\t\t\t\t\t\t<\/div>\n\t\t\t\t<\/div>\n\t\t\t\t<section class=\"elementor-section elementor-inner-section elementor-element elementor-element-2a2e538 elementor-section-boxed elementor-section-height-default elementor-section-height-default\" data-id=\"2a2e538\" data-element_type=\"section\" data-e-type=\"section\">\n\t\t\t\t\t\t<div class=\"elementor-container elementor-column-gap-default\">\n\t\t\t\t\t<div class=\"elementor-column elementor-col-100 elementor-inner-column elementor-element elementor-element-48e2c14\" data-id=\"48e2c14\" data-element_type=\"column\" data-e-type=\"column\">\n\t\t\t<div class=\"elementor-widget-wrap elementor-element-populated\">\n\t\t\t\t\t\t<div class=\"elementor-element elementor-element-6f7f30d2 elementor-widget elementor-widget-image\" data-id=\"6f7f30d2\" data-element_type=\"widget\" data-e-type=\"widget\" data-widget_type=\"image.default\">\n\t\t\t\t<div class=\"elementor-widget-container\">\n\t\t\t\t\t\t\t\t\t\t\t\t\t\t\t<img decoding=\"async\" src=\"https:\/\/gruporosmar.com.mx\/wp-content\/uploads\/2022\/01\/DSC07577-scaled.jpg\" title=\"DSC07577\" alt=\"DSC07577\" loading=\"lazy\" \/>\t\t\t\t\t\t\t\t\t\t\t\t\t\t\t<\/div>\n\t\t\t\t<\/div>\n\t\t\t\t\t<\/div>\n\t\t<\/div>\n\t\t\t\t\t<\/div>\n\t\t<\/section>\n\t\t\t\t<div class=\"elementor-element elementor-element-4650153 elementor-widget elementor-widget-spacer\" data-id=\"4650153\" data-element_type=\"widget\" data-e-type=\"widget\" data-widget_type=\"spacer.default\">\n\t\t\t\t<div class=\"elementor-widget-container\">\n\t\t\t\t\t\t\t<div class=\"elementor-spacer\">\n\t\t\t<div class=\"elementor-spacer-inner\"><\/div>\n\t\t<\/div>\n\t\t\t\t\t\t<\/div>\n\t\t\t\t<\/div>\n\t\t\t\t\t<\/div>\n\t\t<\/div>\n\t\t\t\t\t<\/div>\n\t\t<\/section>\n\t\t\t\t<\/div>","protected":false},"excerpt":{"rendered":"<p>Soluciones de negocio Rosmar Consultor\u00eda Especializada para las Industrias Agroalimentaria, de Bebidas y Farmac\u00e9utica Cada sector tiene desaf\u00edos espec\u00edficos de sanidad y limpieza en la producci\u00f3n de alimentos y productos farmac\u00e9uticos. Por ello, nuestros investigadores trabajan d\u00eda a d\u00eda innovando para cubrir cada una de tus necesidades. Nos enfocamos en agregar valor a nuestros clientes\u00a0Los [&hellip;]<\/p>\n","protected":false},"author":12,"featured_media":0,"parent":0,"menu_order":0,"comment_status":"closed","ping_status":"closed","template":"","meta":{"footnotes":""},"class_list":["post-333","page","type-page","status-publish","hentry"],"_links":{"self":[{"href":"https:\/\/gruporosmar.com.mx\/en\/wp-json\/wp\/v2\/pages\/333","targetHints":{"allow":["GET"]}}],"collection":[{"href":"https:\/\/gruporosmar.com.mx\/en\/wp-json\/wp\/v2\/pages"}],"about":[{"href":"https:\/\/gruporosmar.com.mx\/en\/wp-json\/wp\/v2\/types\/page"}],"author":[{"embeddable":true,"href":"https:\/\/gruporosmar.com.mx\/en\/wp-json\/wp\/v2\/users\/12"}],"replies":[{"embeddable":true,"href":"https:\/\/gruporosmar.com.mx\/en\/wp-json\/wp\/v2\/comments?post=333"}],"version-history":[{"count":28,"href":"https:\/\/gruporosmar.com.mx\/en\/wp-json\/wp\/v2\/pages\/333\/revisions"}],"predecessor-version":[{"id":11042,"href":"https:\/\/gruporosmar.com.mx\/en\/wp-json\/wp\/v2\/pages\/333\/revisions\/11042"}],"wp:attachment":[{"href":"https:\/\/gruporosmar.com.mx\/en\/wp-json\/wp\/v2\/media?parent=333"}],"curies":[{"name":"wp","href":"https:\/\/api.w.org\/{rel}","templated":true}]}}