{"id":337,"date":"2021-08-20T02:12:32","date_gmt":"2021-08-20T02:12:32","guid":{"rendered":"http:\/\/rosmarusa.kglabs.net\/?page_id=337"},"modified":"2026-04-02T03:03:26","modified_gmt":"2026-04-02T03:03:26","slug":"rosmar-contract-manufacturing","status":"publish","type":"page","link":"https:\/\/gruporosmar.com.mx\/en\/rosmar-contract-manufacturing\/","title":{"rendered":"Rosmar Contract Manufacturing"},"content":{"rendered":"<div data-elementor-type=\"wp-page\" data-elementor-id=\"337\" class=\"elementor elementor-337\" data-elementor-post-type=\"page\">\n\t\t\t\t\t\t<section class=\"elementor-section elementor-top-section elementor-element elementor-element-ef1fb86 elementor-section-boxed elementor-section-height-default elementor-section-height-default\" data-id=\"ef1fb86\" data-element_type=\"section\" data-e-type=\"section\">\n\t\t\t\t\t\t<div class=\"elementor-container elementor-column-gap-default\">\n\t\t\t\t\t<div class=\"elementor-column elementor-col-100 elementor-top-column elementor-element elementor-element-8e1cf90\" data-id=\"8e1cf90\" data-element_type=\"column\" data-e-type=\"column\">\n\t\t\t<div class=\"elementor-widget-wrap elementor-element-populated\">\n\t\t\t\t\t\t<div class=\"elementor-element elementor-element-c7fcdec elementor-widget elementor-widget-spacer\" data-id=\"c7fcdec\" data-element_type=\"widget\" data-e-type=\"widget\" data-widget_type=\"spacer.default\">\n\t\t\t\t<div class=\"elementor-widget-container\">\n\t\t\t\t\t\t\t<div class=\"elementor-spacer\">\n\t\t\t<div class=\"elementor-spacer-inner\"><\/div>\n\t\t<\/div>\n\t\t\t\t\t\t<\/div>\n\t\t\t\t<\/div>\n\t\t\t\t<div class=\"elementor-element elementor-element-43fc285 elementor-widget elementor-widget-image\" data-id=\"43fc285\" data-element_type=\"widget\" data-e-type=\"widget\" data-widget_type=\"image.default\">\n\t\t\t\t<div class=\"elementor-widget-container\">\n\t\t\t\t\t\t\t\t\t\t\t\t\t\t\t<img decoding=\"async\" width=\"264\" height=\"82\" src=\"https:\/\/gruporosmar.com.mx\/wp-content\/uploads\/2021\/12\/WhatsApp-Image-2021-12-02-at-7.38.11-PM.jpeg\" class=\"attachment-medium size-medium wp-image-2446\" alt=\"\" srcset=\"https:\/\/gruporosmar.com.mx\/wp-content\/uploads\/2021\/12\/WhatsApp-Image-2021-12-02-at-7.38.11-PM.jpeg 264w, https:\/\/gruporosmar.com.mx\/wp-content\/uploads\/2021\/12\/WhatsApp-Image-2021-12-02-at-7.38.11-PM-18x6.jpeg 18w\" sizes=\"(max-width: 264px) 100vw, 264px\" \/>\t\t\t\t\t\t\t\t\t\t\t\t\t\t\t<\/div>\n\t\t\t\t<\/div>\n\t\t\t\t<div class=\"elementor-element elementor-element-e0c69b4 elementor-widget elementor-widget-heading\" data-id=\"e0c69b4\" data-element_type=\"widget\" data-e-type=\"widget\" data-widget_type=\"heading.default\">\n\t\t\t\t<div class=\"elementor-widget-container\">\n\t\t\t\t\t<h2 class=\"elementor-heading-title elementor-size-default\"><strong>Rosmar<\/strong> Contract Manufacturing<\/h2>\t\t\t\t<\/div>\n\t\t\t\t<\/div>\n\t\t\t\t<section class=\"elementor-section elementor-inner-section elementor-element elementor-element-24548dc elementor-section-boxed elementor-section-height-default elementor-section-height-default\" data-id=\"24548dc\" data-element_type=\"section\" data-e-type=\"section\">\n\t\t\t\t\t\t<div class=\"elementor-container elementor-column-gap-default\">\n\t\t\t\t\t<div class=\"elementor-column elementor-col-50 elementor-inner-column elementor-element elementor-element-0b6abaf\" data-id=\"0b6abaf\" data-element_type=\"column\" data-e-type=\"column\">\n\t\t\t<div class=\"elementor-widget-wrap elementor-element-populated\">\n\t\t\t\t\t\t<div class=\"elementor-element elementor-element-04e9cfb elementor-widget elementor-widget-text-editor\" data-id=\"04e9cfb\" data-element_type=\"widget\" data-e-type=\"widget\" data-widget_type=\"text-editor.default\">\n\t\t\t\t<div class=\"elementor-widget-container\">\n\t\t\t\t\t\t\t\t\t<p>M\u00e1s de 3 d\u00e9cadas de experiencia dise\u00f1ando y fabricando productos de limpieza y desinfecci\u00f3n nos respaldan, es por ello que contamos con las mejores pr\u00e1cticas de producci\u00f3n,\u00a0 instalaciones de primera l\u00ednea y las certificaciones mundiales de renombre que hacen de Rosmar la mejor opci\u00f3n para el servicio de fabricaci\u00f3n a otras empresas. Nuestras certificaciones actuales incluyen:<\/p><ul><li>ISO 9001:2015 (SGC)<\/li><li>ISO 27216 (BPM de cosm\u00e9ticos)<\/li><li>ISO 8 (Sala blanca)<\/li><li>SMETA (Comercio \u00c9tico)<\/li><li>CTPAT (Anti-terrorismo)<\/li><li>Secretar\u00eda de Salud (SSA)<\/li><li>Secretar\u00eda de Agricultura y Desarrollo Rural (SADER)<\/li><li>Comisi\u00f3n Federal para la Protecci\u00f3n contra Riesgos Sanitarios (COFEPRIS)<\/li><li><span data-preserver-spaces=\"true\">FDA<\/span><\/li><li><span data-preserver-spaces=\"true\">EPA<\/span><\/li><li><span data-preserver-spaces=\"true\">NSF<\/span><\/li><li><span data-preserver-spaces=\"true\">KOSHER<\/span><\/li><\/ul><p>\u00a0<\/p><p><strong><span data-preserver-spaces=\"true\">\u00a0<\/span><\/strong><strong><span data-preserver-spaces=\"true\">Tenemos soluciones inmediatas:<\/span><\/strong><\/p><ul><li><strong>Formulaci\u00f3n:<\/strong> Nuestro objetivo es satisfacer las necesidades del cliente; dise\u00f1amos el producto desde sus ingredientes, funcionalidad y aplicaciones.<\/li><\/ul><p>\u00a0<\/p><ul><li><strong>Desarrollo y producci\u00f3n:<\/strong> Nos encargamos del escalado de la producci\u00f3n para lograr la eficiencia de los recursos. Nuestro proceso de desarrollo entrega productos con los m\u00e1s altos est\u00e1ndares de calidad para los clientes m\u00e1s exigentes.<\/li><\/ul><p>\u00a0<\/p><ul><li><strong>Dise\u00f1o de empaque:<\/strong> Una imagen atractiva atrae consumidores leales. Nuestro equipo para dise\u00f1ar el embalaje ideal y garantizar el mejor resultado posible en el punto de compra.<\/li><\/ul>\t\t\t\t\t\t\t\t<\/div>\n\t\t\t\t<\/div>\n\t\t\t\t\t<\/div>\n\t\t<\/div>\n\t\t\t\t<div class=\"elementor-column elementor-col-50 elementor-inner-column elementor-element elementor-element-794ce84\" data-id=\"794ce84\" data-element_type=\"column\" data-e-type=\"column\">\n\t\t\t<div class=\"elementor-widget-wrap elementor-element-populated\">\n\t\t\t\t\t\t<div class=\"elementor-element elementor-element-445123b elementor-widget elementor-widget-image\" data-id=\"445123b\" data-element_type=\"widget\" data-e-type=\"widget\" data-widget_type=\"image.default\">\n\t\t\t\t<div class=\"elementor-widget-container\">\n\t\t\t\t\t\t\t\t\t\t\t\t\t\t\t<img fetchpriority=\"high\" decoding=\"async\" width=\"768\" height=\"512\" src=\"https:\/\/gruporosmar.com.mx\/wp-content\/uploads\/2021\/09\/bigstock-Biochemistry-Laboratory-Resear-358662896-768x512.jpg\" class=\"attachment-medium_large size-medium_large wp-image-954\" alt=\"\" srcset=\"https:\/\/gruporosmar.com.mx\/wp-content\/uploads\/2021\/09\/bigstock-Biochemistry-Laboratory-Resear-358662896-768x512.jpg 768w, https:\/\/gruporosmar.com.mx\/wp-content\/uploads\/2021\/09\/bigstock-Biochemistry-Laboratory-Resear-358662896-300x200.jpg 300w, https:\/\/gruporosmar.com.mx\/wp-content\/uploads\/2021\/09\/bigstock-Biochemistry-Laboratory-Resear-358662896-600x400.jpg 600w, https:\/\/gruporosmar.com.mx\/wp-content\/uploads\/2021\/09\/bigstock-Biochemistry-Laboratory-Resear-358662896.jpg 900w\" sizes=\"(max-width: 768px) 100vw, 768px\" \/>\t\t\t\t\t\t\t\t\t\t\t\t\t\t\t<\/div>\n\t\t\t\t<\/div>\n\t\t\t\t\t<\/div>\n\t\t<\/div>\n\t\t\t\t\t<\/div>\n\t\t<\/section>\n\t\t\t\t\t<\/div>\n\t\t<\/div>\n\t\t\t\t\t<\/div>\n\t\t<\/section>\n\t\t\t\t<section class=\"elementor-section elementor-top-section elementor-element elementor-element-300610ad elementor-section-boxed elementor-section-height-default elementor-section-height-default\" data-id=\"300610ad\" data-element_type=\"section\" data-e-type=\"section\" data-settings=\"{&quot;background_background&quot;:&quot;classic&quot;}\">\n\t\t\t\t\t\t<div class=\"elementor-container elementor-column-gap-default\">\n\t\t\t\t\t<div class=\"elementor-column elementor-col-100 elementor-top-column elementor-element elementor-element-7909b47d\" data-id=\"7909b47d\" data-element_type=\"column\" data-e-type=\"column\">\n\t\t\t<div class=\"elementor-widget-wrap elementor-element-populated\">\n\t\t\t\t\t\t<section class=\"elementor-section elementor-inner-section elementor-element elementor-element-1aa7ea5a elementor-section-boxed elementor-section-height-default elementor-section-height-default\" data-id=\"1aa7ea5a\" data-element_type=\"section\" data-e-type=\"section\">\n\t\t\t\t\t\t<div class=\"elementor-container elementor-column-gap-default\">\n\t\t\t\t\t<div class=\"elementor-column elementor-col-50 elementor-inner-column elementor-element elementor-element-61eb2e26\" data-id=\"61eb2e26\" data-element_type=\"column\" data-e-type=\"column\">\n\t\t\t<div class=\"elementor-widget-wrap elementor-element-populated\">\n\t\t\t\t\t\t<div class=\"elementor-element elementor-element-9660034 elementor-widget elementor-widget-image\" data-id=\"9660034\" data-element_type=\"widget\" data-e-type=\"widget\" data-widget_type=\"image.default\">\n\t\t\t\t<div class=\"elementor-widget-container\">\n\t\t\t\t\t\t\t\t\t\t\t\t\t\t\t<img decoding=\"async\" width=\"800\" height=\"450\" src=\"https:\/\/gruporosmar.com.mx\/wp-content\/uploads\/2022\/01\/DSC07577-1024x576.jpg\" class=\"attachment-large size-large wp-image-3277\" alt=\"\" srcset=\"https:\/\/gruporosmar.com.mx\/wp-content\/uploads\/2022\/01\/DSC07577-1024x576.jpg 1024w, https:\/\/gruporosmar.com.mx\/wp-content\/uploads\/2022\/01\/DSC07577-300x169.jpg 300w, https:\/\/gruporosmar.com.mx\/wp-content\/uploads\/2022\/01\/DSC07577-768x432.jpg 768w, https:\/\/gruporosmar.com.mx\/wp-content\/uploads\/2022\/01\/DSC07577-1536x864.jpg 1536w, https:\/\/gruporosmar.com.mx\/wp-content\/uploads\/2022\/01\/DSC07577-2048x1152.jpg 2048w, https:\/\/gruporosmar.com.mx\/wp-content\/uploads\/2022\/01\/DSC07577-600x338.jpg 600w\" sizes=\"(max-width: 800px) 100vw, 800px\" \/>\t\t\t\t\t\t\t\t\t\t\t\t\t\t\t<\/div>\n\t\t\t\t<\/div>\n\t\t\t\t\t<\/div>\n\t\t<\/div>\n\t\t\t\t<div class=\"elementor-column elementor-col-50 elementor-inner-column elementor-element elementor-element-49cb39c5\" data-id=\"49cb39c5\" data-element_type=\"column\" data-e-type=\"column\">\n\t\t\t<div class=\"elementor-widget-wrap elementor-element-populated\">\n\t\t\t\t\t\t<div class=\"elementor-element elementor-element-7284a7 elementor-widget elementor-widget-heading\" data-id=\"7284a7\" data-element_type=\"widget\" data-e-type=\"widget\" data-widget_type=\"heading.default\">\n\t\t\t\t<div class=\"elementor-widget-container\">\n\t\t\t\t\t<h2 class=\"elementor-heading-title elementor-size-default\">\u00a1Cont\u00e1ctanos!<\/h2>\t\t\t\t<\/div>\n\t\t\t\t<\/div>\n\t\t\t\t<div class=\"elementor-element elementor-element-c1dde9d elementor-widget elementor-widget-text-editor\" data-id=\"c1dde9d\" data-element_type=\"widget\" data-e-type=\"widget\" data-widget_type=\"text-editor.default\">\n\t\t\t\t<div class=\"elementor-widget-container\">\n\t\t\t\t\t\t\t\t\t<p>Estamos aqu\u00ed para ayudarlo con cualquier pregunta, comentario o inquietud que pueda tener con respecto a cualquiera de nuestros productos.<\/p>\t\t\t\t\t\t\t\t<\/div>\n\t\t\t\t<\/div>\n\t\t\t\t<div class=\"elementor-element elementor-element-4265744e elementor-widget elementor-widget-html\" data-id=\"4265744e\" data-element_type=\"widget\" data-e-type=\"widget\" data-widget_type=\"html.default\">\n\t\t\t\t<div class=\"elementor-widget-container\">\n\t\t\t\t\t<iframe src=\"https:\/\/forms.monday.com\/forms\/embed\/ce3876df1a1597af4d2fa02da0a7b0a8?r=use1\" width=\"650\" height=\"1200\" style=\"border: 0; box-shadow: 5px 5px 56px 0px rgba(0,0,0,0.25);\"><\/iframe>\t\t\t\t<\/div>\n\t\t\t\t<\/div>\n\t\t\t\t\t<\/div>\n\t\t<\/div>\n\t\t\t\t\t<\/div>\n\t\t<\/section>\n\t\t\t\t<div class=\"elementor-element elementor-element-59c6867b elementor-widget elementor-widget-spacer\" data-id=\"59c6867b\" data-element_type=\"widget\" data-e-type=\"widget\" data-widget_type=\"spacer.default\">\n\t\t\t\t<div class=\"elementor-widget-container\">\n\t\t\t\t\t\t\t<div class=\"elementor-spacer\">\n\t\t\t<div class=\"elementor-spacer-inner\"><\/div>\n\t\t<\/div>\n\t\t\t\t\t\t<\/div>\n\t\t\t\t<\/div>\n\t\t\t\t\t<\/div>\n\t\t<\/div>\n\t\t\t\t\t<\/div>\n\t\t<\/section>\n\t\t\t\t<\/div>","protected":false},"excerpt":{"rendered":"<p>Rosmar Contract Manufacturing M\u00e1s de 3 d\u00e9cadas de experiencia dise\u00f1ando y fabricando productos de limpieza y desinfecci\u00f3n nos respaldan, es por ello que contamos con las mejores pr\u00e1cticas de producci\u00f3n,\u00a0 instalaciones de primera l\u00ednea y las certificaciones mundiales de renombre que hacen de Rosmar la mejor opci\u00f3n para el servicio de fabricaci\u00f3n a otras empresas. [&hellip;]<\/p>\n","protected":false},"author":12,"featured_media":0,"parent":0,"menu_order":0,"comment_status":"closed","ping_status":"closed","template":"","meta":{"footnotes":""},"class_list":["post-337","page","type-page","status-publish","hentry"],"_links":{"self":[{"href":"https:\/\/gruporosmar.com.mx\/en\/wp-json\/wp\/v2\/pages\/337","targetHints":{"allow":["GET"]}}],"collection":[{"href":"https:\/\/gruporosmar.com.mx\/en\/wp-json\/wp\/v2\/pages"}],"about":[{"href":"https:\/\/gruporosmar.com.mx\/en\/wp-json\/wp\/v2\/types\/page"}],"author":[{"embeddable":true,"href":"https:\/\/gruporosmar.com.mx\/en\/wp-json\/wp\/v2\/users\/12"}],"replies":[{"embeddable":true,"href":"https:\/\/gruporosmar.com.mx\/en\/wp-json\/wp\/v2\/comments?post=337"}],"version-history":[{"count":13,"href":"https:\/\/gruporosmar.com.mx\/en\/wp-json\/wp\/v2\/pages\/337\/revisions"}],"predecessor-version":[{"id":11123,"href":"https:\/\/gruporosmar.com.mx\/en\/wp-json\/wp\/v2\/pages\/337\/revisions\/11123"}],"wp:attachment":[{"href":"https:\/\/gruporosmar.com.mx\/en\/wp-json\/wp\/v2\/media?parent=337"}],"curies":[{"name":"wp","href":"https:\/\/api.w.org\/{rel}","templated":true}]}}