{"id":220,"date":"2021-08-06T14:12:13","date_gmt":"2021-08-06T14:12:13","guid":{"rendered":"http:\/\/rosmarusa.kglabs.net\/product\/pouch-170\/"},"modified":"2022-06-08T21:12:21","modified_gmt":"2022-06-08T21:12:21","slug":"pouch-170","status":"publish","type":"product","link":"https:\/\/gruporosmar.com.mx\/en\/product\/pouch-170\/","title":{"rendered":"Rosmar\u00ae Sanidry Wipes \u2013 Maxi Pack Bolsa resellable 170 toallitas"},"content":{"rendered":"<p class=\"p1\"><span class=\"s1\"><b>Active Ingredients:<\/b><\/span><\/p>\n<ul class=\"ul1\">\n<li class=\"li2\"><span class=\"s1\">Octyl decyl dimethyl ammonium chloride<\/span><\/li>\n<li class=\"li2\"><span class=\"s1\">Dioctyl dimethyl ammonium chloride<\/span><\/li>\n<li class=\"li2\"><span class=\"s1\">Didecyl dimethyl ammonium chloride<\/span><\/li>\n<li class=\"li2\"><span class=\"s1\">Alkyl (C14, C12, C16) dimethyl benzyl ammonium chloride<\/span><\/li>\n<\/ul>\n<p><span class=\"s1\"><b>Advantage \/ Benefits:<\/b><\/span><\/p>\n<ul>\n<li><span class=\"s1\">It kills <b>99.9%<\/b> of bacteria and viruses<\/span><\/li>\n<li><span class=\"s1\">Effective against coronavirus and influenza<\/span><\/li>\n<li><span class=\"s1\">Can be used on surfaces<\/span><\/li>\n<li><span class=\"s1\">Does not dry out, does not irritate or leave residues<\/span><\/li>\n<li><span class=\"s1\">Unscented<\/span><\/li>\n<\/ul>\n<p><span class=\"s1\"><b>Sanidry Disinfecting Wipes<\/b><\/span><\/p>\n<ul class=\"ul1\">\n<li class=\"li3\"><span class=\"s1\">Use Sanidry-Wipes on washable hard, nonporous surface of appliance exteriors, computer keyboards, bathroom fixtures, countertops, sinks, shower stalls, toilet seats, desks, doorknobs, floors, telephones, lab benches, and other hard nonporous surface made of acrylic, finished woodwork, glass, metal, plastic, and plastic &amp; vinyl upholstery.<\/span><\/li>\n<li class=\"li3\"><span class=\"s1\">Wipe surface with wipe until surface is visibly wet. Use enough wipes to thoroughly wet surfaces. Use enough wipes to keep surfaces visibly wet for 10 minutes. Permit surface to air dry. If surfaces are extremely dirty, clean first with another wipe before disinfecting. Rinse food contact surfaces with clean, potable water after disinfecting. Do not use to disinfect dishes, glassware or utensils. Do not use as a diaper wipe or for personal cleansing. Discard used wipe in trash. Do not flush in toilet.<\/span><\/li>\n<li class=\"li3\">Use Sanidry-Wipes in Hospitals, sick rooms, hotels, motels, athletic facilities, colleges, correctional facilities, business\/office buildings, daycare centers, factories, nurseries, schools, Barbershops, salons, dental offices, airplanes, airports, ambulances, boats, buses, campers, cars, emergency vehicles, mobile homes, ships. Taxis, trailers, trains, transportation terminals, homes (Household), USDA inspected food processing facilities, food processing plants, food storage areas, restaurants, kitchens, and cafeterias.<\/li>\n<\/ul>","protected":false},"excerpt":{"rendered":"<p>Limpieza y desinfecci\u00f3n sin agua registrados por la EPA.<\/p>\n<p>Beneficios:<\/p>\n<ul>\n<li>DESINFECTAR: Las toallitas SANIDRY eliminan el 99,9% de los virus y bacterias. Nuestras toallitas son efectivas contra el SARS-CoV2 y el COVID-19, as\u00ed como contra la influenza.<\/li>\n<li>LIMPIO Y CONFIABLE: ideal para uso personal en el hogar, gimnasios, oficinas, escuelas, autom\u00f3viles, hospitales, etc. Se utiliza para limpiar tecnolog\u00edas, picaportes, manos, patas de mascotas y m\u00e1s. Nuestras toallitas sin perfume desinfectan sin dejar olores desagradables.<\/li>\n<li>EFECTIVO: Las toallitas SANIDRY pueden absorber m\u00e1s y limpiar un \u00e1rea m\u00e1s grande con solo un pa\u00f1o, lo que permite una limpieza eficiente sin da\u00f1ar las superficies.<\/li>\n<li>S\u00daPER H\u00daMEDO: Hechas de spunlace no tejido, las toallitas no se desmoronan, no dejan residuos ni se secan. Nuestras toallitas no tienen perfume y no da\u00f1an a los humanos ni a las mascotas.<\/li>\n<li>PROTEGE: Las toallitas SANIDRY utilizan materiales reciclables en sus envases para reducir la huella medioambiental.<\/li>\n<\/ul>","protected":false},"featured_media":1127,"template":"","meta":[],"product_brand":[],"product_cat":[16,20],"product_tag":[],"class_list":{"0":"post-220","1":"product","2":"type-product","3":"status-publish","4":"has-post-thumbnail","6":"product_cat-rosmar-productos","7":"product_cat-toallitas","9":"first","10":"instock","11":"shipping-taxable","12":"product-type-simple"},"_links":{"self":[{"href":"https:\/\/gruporosmar.com.mx\/en\/wp-json\/wp\/v2\/product\/220","targetHints":{"allow":["GET"]}}],"collection":[{"href":"https:\/\/gruporosmar.com.mx\/en\/wp-json\/wp\/v2\/product"}],"about":[{"href":"https:\/\/gruporosmar.com.mx\/en\/wp-json\/wp\/v2\/types\/product"}],"wp:featuredmedia":[{"embeddable":true,"href":"https:\/\/gruporosmar.com.mx\/en\/wp-json\/wp\/v2\/media\/1127"}],"wp:attachment":[{"href":"https:\/\/gruporosmar.com.mx\/en\/wp-json\/wp\/v2\/media?parent=220"}],"wp:term":[{"taxonomy":"product_brand","embeddable":true,"href":"https:\/\/gruporosmar.com.mx\/en\/wp-json\/wp\/v2\/product_brand?post=220"},{"taxonomy":"product_cat","embeddable":true,"href":"https:\/\/gruporosmar.com.mx\/en\/wp-json\/wp\/v2\/product_cat?post=220"},{"taxonomy":"product_tag","embeddable":true,"href":"https:\/\/gruporosmar.com.mx\/en\/wp-json\/wp\/v2\/product_tag?post=220"}],"curies":[{"name":"wp","href":"https:\/\/api.w.org\/{rel}","templated":true}]}}